{"id":1873,"date":"2017-06-03T14:03:28","date_gmt":"2017-06-03T12:03:28","guid":{"rendered":"https:\/\/www.maison-piloni.com\/?page_id=1873"},"modified":"2019-07-02T12:02:25","modified_gmt":"2019-07-02T10:02:25","slug":"partenaires","status":"publish","type":"page","link":"https:\/\/www.maison-piloni.com\/fr\/information\/partenaires\/","title":{"rendered":"Partenaires"},"content":{"rendered":"<p>La Maison Piloni travaille en relation avec les personnes et les entreprises suivantes (la liste est r\u00e9guli\u00e8rement compl\u00e9t\u00e9e) :<\/p>\n<p><a href=\"http:\/\/truji-cycle.fr\/\" target=\"_blank\" rel=\"noopener noreferrer\"><img loading=\"lazy\" decoding=\"async\" class=\"alignleft wp-image-836\" src=\"https:\/\/www.maison-piloni.com\/wp-content\/uploads\/2017\/03\/logo-truji-bikes-modif-3-300x300.gif\" width=\"210\" height=\"211\" srcset=\"https:\/\/www.maison-piloni.com\/wp-content\/uploads\/2017\/03\/logo-truji-bikes-modif-3-300x300.gif 300w, https:\/\/www.maison-piloni.com\/wp-content\/uploads\/2017\/03\/logo-truji-bikes-modif-3-250x251.gif 250w, https:\/\/www.maison-piloni.com\/wp-content\/uploads\/2017\/03\/logo-truji-bikes-modif-3-768x771.gif 768w, https:\/\/www.maison-piloni.com\/wp-content\/uploads\/2017\/03\/logo-truji-bikes-modif-3-125x125.gif 125w\" sizes=\"auto, (max-width: 210px) 100vw, 210px\" \/><\/a><\/p>\n<h2>Locations et r\u00e9paration de bicylettes :\u00a0Truji-Cycle Luberon<\/h2>\n<p>Tout pr\u00e8s de la Maison Piloni se trouve Truji-Cycle Luberon. Vous y trouverez un g<strong>rand choix de 2 roues \u00e0 louer<\/strong>\u00a0: v\u00e9los de course, v\u00e9los de ville, v\u00e9lo de montagnes et v\u00e9los \u00e9lectriques.<\/p>\n<p>Sur demande, les v\u00e9los peuvent \u00eatre amen\u00e9s \u00e0 la Maison Piloni et rapport\u00e9s par leurs soins. Truji-Cycle Luberon a aussi un magasin de pi\u00e8ces de rechanges et propose des r\u00e9parations professionnelles pour votre v\u00e9lo.<\/p>\n<p><strong>Adresse<\/strong>: Truji-Bike Lub\u00e9ron, 17 Chemin du Bosquet, 84800 L&rsquo;Isle sur la Sorgue,\u00a0<a href=\"mailto:trujibikeluberon@bbox.fr\">trujibikeluberon@bbox.fr<\/a>,\u00a0Tel: 09 83 75 97 18<\/p>\n<hr \/>\n<p><img loading=\"lazy\" decoding=\"async\" class=\"alignleft  wp-image-2347\" src=\"https:\/\/www.maison-piloni.com\/wp-content\/uploads\/2019\/07\/12540583_1051784868178028_2243358950396832265_n-250x250.png\" alt=\"\" width=\"220\" height=\"220\" srcset=\"https:\/\/www.maison-piloni.com\/wp-content\/uploads\/2019\/07\/12540583_1051784868178028_2243358950396832265_n-250x250.png 250w, https:\/\/www.maison-piloni.com\/wp-content\/uploads\/2019\/07\/12540583_1051784868178028_2243358950396832265_n-300x300.png 300w, https:\/\/www.maison-piloni.com\/wp-content\/uploads\/2019\/07\/12540583_1051784868178028_2243358950396832265_n-768x768.png 768w, https:\/\/www.maison-piloni.com\/wp-content\/uploads\/2019\/07\/12540583_1051784868178028_2243358950396832265_n-125x125.png 125w, https:\/\/www.maison-piloni.com\/wp-content\/uploads\/2019\/07\/12540583_1051784868178028_2243358950396832265_n.png 800w\" sizes=\"auto, (max-width: 220px) 100vw, 220px\" \/><\/p>\n<h2>R\u00eave Yoga, Lili Crosbie<\/h2>\n<p>Lili propose des cours de yoga sur demande \u00e0 la Maison Piloni. Pour les groupes de 5 personnes maximum, le Yin Yoga ou Vinyasa Flow est pratiqu\u00e9 dans le jardin idyllique de Piloni.<\/p>\n<p>Lili parle fran\u00e7ais et parle couramment anglais et espagnol.<\/p>\n<p><a href=\"https:\/\/www.facebook.com\/reveyoga\/\" target=\"_blank\" rel=\"noopener noreferrer\">R\u00e8ve Yoga sur facebook<\/a><\/p>\n","protected":false},"excerpt":{"rendered":"<p>La Maison Piloni travaille en relation avec les personnes et les entreprises suivantes (la liste est r\u00e9guli\u00e8rement compl\u00e9t\u00e9e) : Locations et r\u00e9paration de bicylettes :\u00a0Truji-Cycle Luberon Tout pr\u00e8s de la Maison Piloni se trouve Truji-Cycle Luberon. Vous y trouverez un grand choix de 2 roues \u00e0 louer\u00a0: v\u00e9los de course, v\u00e9los de ville, v\u00e9lo de&#8230;<\/p>\n","protected":false},"author":1,"featured_media":0,"parent":1817,"menu_order":5,"comment_status":"closed","ping_status":"closed","template":"template-full-width.php","meta":{"_acf_changed":false,"footnotes":""},"class_list":["post-1873","page","type-page","status-publish","hentry"],"acf":[],"_links":{"self":[{"href":"https:\/\/www.maison-piloni.com\/fr\/wp-json\/wp\/v2\/pages\/1873\/"}],"collection":[{"href":"https:\/\/www.maison-piloni.com\/fr\/wp-json\/wp\/v2\/pages\/"}],"about":[{"href":"https:\/\/www.maison-piloni.com\/fr\/wp-json\/wp\/v2\/types\/page\/"}],"author":[{"embeddable":true,"href":"https:\/\/www.maison-piloni.com\/fr\/wp-json\/wp\/v2\/users\/1\/"}],"replies":[{"embeddable":true,"href":"https:\/\/www.maison-piloni.com\/fr\/wp-json\/wp\/v2\/comments\/?post=1873"}],"version-history":[{"count":6,"href":"https:\/\/www.maison-piloni.com\/fr\/wp-json\/wp\/v2\/pages\/1873\/revisions\/"}],"predecessor-version":[{"id":2354,"href":"https:\/\/www.maison-piloni.com\/fr\/wp-json\/wp\/v2\/pages\/1873\/revisions\/2354\/"}],"up":[{"embeddable":true,"href":"https:\/\/www.maison-piloni.com\/fr\/wp-json\/wp\/v2\/pages\/1817\/"}],"wp:attachment":[{"href":"https:\/\/www.maison-piloni.com\/fr\/wp-json\/wp\/v2\/media\/?parent=1873"}],"curies":[{"name":"wp","href":"https:\/\/api.w.org\/{rel}","templated":true}]}}