{"id":1868,"date":"2017-06-02T16:01:29","date_gmt":"2017-06-02T14:01:29","guid":{"rendered":"https:\/\/www.maison-piloni.com\/?page_id=1868"},"modified":"2017-06-02T16:06:21","modified_gmt":"2017-06-02T14:06:21","slug":"newsletter","status":"publish","type":"page","link":"https:\/\/www.maison-piloni.com\/fr\/contact\/newsletter\/","title":{"rendered":"Newsletter"},"content":{"rendered":"<div class=\"row\">\n<div class=\"large-6 medium-6 columns\">Abonnez-vous \u00e0 la newsletter Maison Piloni et obtenir des nouvelles et des informations sporadiques.<\/p>\n<p>Bien s\u00fbr, nous prenons tr\u00e8s au s\u00e9rieux la vie priv\u00e9e &#8211; les informations que vous nous soumettez ne seront pas divulgu\u00e9es \u00e0 des tiers. Vous pouvez toujours vous d\u00e9sabonner \u00e0 \u00e9galement.<\/p>\n<h3>Ou suivez-nous sur l&rsquo;un des canaux suivants:<\/h3>\n<p><a href=\"https:\/\/www.facebook.com\/maisonpiloni\/\" title=\"Facebook\" target=\"_blank\"><i class=\"fa fa-facebook-square fa-2x\" aria-hidden=\"true\"><\/i><\/a>  <a href=\"https:\/\/twitter.com\/maisonpiloni\" title=\"Twitter\" target=\"_blank\"><i class=\"fa fa-twitter-square fa-2x\" aria-hidden=\"true\"><\/i><\/a>  <a href=\"https:\/\/www.instagram.com\/maisonpiloni\/\" title=\"Instagram\" target=\"_blank\"><i class=\"fa fa-instagram fa-2x\" aria-hidden=\"true\"><\/i><\/a>  <a href=\"http:\/\/www.youtube.com\/c\/Maison-piloni\" title=\"Youtube\" target=\"_blank\"><i class=\"fa fa-youtube fa-2x\" aria-hidden=\"true\"><\/i><\/a>  \t\t<a href=\"https:\/\/www.tripadvisor.de\/Hotel_Review-g608811-d1569168-Reviews-Maison_Piloni-L_Isle_sur_la_Sorgue_Vaucluse_Provence.html\" title=\"Tripadvisor\" target=\"_blank\"><i class=\"fa fa-tripadvisor fa-2x\" aria-hidden=\"true\"><\/i><\/a><\/p>\n<\/div>\n<div class=\"large-6 medium-6 columns\"><!-- Begin MailChimp Signup Form -->\n<link href=\"\/\/cdn-images.mailchimp.com\/embedcode\/classic-10_7.css\" rel=\"stylesheet\" type=\"text\/css\">\n<div id=\"mc_embed_signup\">\n<form action=\"\/\/webundso.us13.list-manage.com\/subscribe\/post?u=929f616ef5a75f42a2aebe6aa&amp;id=68db8c28f4\" method=\"post\" id=\"mc-embedded-subscribe-form\" name=\"mc-embedded-subscribe-form\" class=\"validate\" target=\"_blank\" novalidate>\n<div id=\"mc_embed_signup_scroll\">\n<div class=\"indicates-required\"><span class=\"asterisk\">*<\/span> Indique obligatoire<\/div>\n<div class=\"mc-field-group\">\n\t<label for=\"mce-EMAIL\">Email Address  <span class=\"asterisk\">*<\/span><br \/>\n<\/label><br \/>\n\t<input type=\"email\" value=\"\" name=\"EMAIL\" class=\"required email\" id=\"mce-EMAIL\">\n<\/div>\n<div class=\"mc-field-group\">\n\t<label for=\"mce-FNAME\">Prenom <\/label><br \/>\n\t<input type=\"text\" value=\"\" name=\"FNAME\" class=\"\" id=\"mce-FNAME\">\n<\/div>\n<div class=\"mc-field-group\">\n\t<label for=\"mce-LNAME\">Nom <\/label><br \/>\n\t<input type=\"text\" value=\"\" name=\"LNAME\" class=\"\" id=\"mce-LNAME\">\n<\/div>\n<div id=\"mce-responses\" class=\"clear\">\n<div class=\"response\" id=\"mce-error-response\" style=\"display:none\"><\/div>\n<div class=\"response\" id=\"mce-success-response\" style=\"display:none\"><\/div>\n<\/p><\/div>\n<p>    <!-- real people should not fill this in and expect good things - do not remove this or risk form bot signups--><\/p>\n<div style=\"position: absolute; left: -5000px;\" aria-hidden=\"true\"><input type=\"text\" name=\"b_929f616ef5a75f42a2aebe6aa_68db8c28f4\" tabindex=\"-1\" value=\"\"><\/div>\n<div class=\"clear\"><input type=\"submit\" value=\"Souscrire\" name=\"subscribe\" id=\"mc-embedded-subscribe\" class=\"button\"><\/div>\n<\/p><\/div>\n<\/form>\n<\/div>\n<p><script type='text\/javascript' src='\/\/s3.amazonaws.com\/downloads.mailchimp.com\/js\/mc-validate.js'><\/script><script type='text\/javascript'>(function($) {window.fnames = new Array(); window.ftypes = new Array();fnames[0]='EMAIL';ftypes[0]='email';fnames[1]='FNAME';ftypes[1]='text';fnames[2]='LNAME';ftypes[2]='text';}(jQuery));var $mcj = jQuery.noConflict(true);<\/script><br \/>\n<!--End mc_embed_signup-->\n<\/div>\n<\/div>\n","protected":false},"excerpt":{"rendered":"<p>Abonnez-vous \u00e0 la newsletter Maison Piloni et obtenir des nouvelles et des informations sporadiques. Bien s\u00fbr, nous prenons tr\u00e8s au s\u00e9rieux la vie priv\u00e9e &#8211; les informations que vous nous soumettez ne seront pas divulgu\u00e9es \u00e0 des tiers. Vous pouvez toujours vous d\u00e9sabonner \u00e0 \u00e9galement. Ou suivez-nous sur l&rsquo;un des canaux suivants: * Indique obligatoire&#8230;<\/p>\n","protected":false},"author":1,"featured_media":0,"parent":1850,"menu_order":2,"comment_status":"closed","ping_status":"closed","template":"template-full-width.php","meta":{"_acf_changed":false,"footnotes":""},"class_list":["post-1868","page","type-page","status-publish","hentry"],"acf":[],"_links":{"self":[{"href":"https:\/\/www.maison-piloni.com\/fr\/wp-json\/wp\/v2\/pages\/1868\/"}],"collection":[{"href":"https:\/\/www.maison-piloni.com\/fr\/wp-json\/wp\/v2\/pages\/"}],"about":[{"href":"https:\/\/www.maison-piloni.com\/fr\/wp-json\/wp\/v2\/types\/page\/"}],"author":[{"embeddable":true,"href":"https:\/\/www.maison-piloni.com\/fr\/wp-json\/wp\/v2\/users\/1\/"}],"replies":[{"embeddable":true,"href":"https:\/\/www.maison-piloni.com\/fr\/wp-json\/wp\/v2\/comments\/?post=1868"}],"version-history":[{"count":4,"href":"https:\/\/www.maison-piloni.com\/fr\/wp-json\/wp\/v2\/pages\/1868\/revisions\/"}],"predecessor-version":[{"id":1872,"href":"https:\/\/www.maison-piloni.com\/fr\/wp-json\/wp\/v2\/pages\/1868\/revisions\/1872\/"}],"up":[{"embeddable":true,"href":"https:\/\/www.maison-piloni.com\/fr\/wp-json\/wp\/v2\/pages\/1850\/"}],"wp:attachment":[{"href":"https:\/\/www.maison-piloni.com\/fr\/wp-json\/wp\/v2\/media\/?parent=1868"}],"curies":[{"name":"wp","href":"https:\/\/api.w.org\/{rel}","templated":true}]}}