{"id":1865,"date":"2017-06-02T15:40:55","date_gmt":"2017-06-02T13:40:55","guid":{"rendered":"https:\/\/www.maison-piloni.com\/?page_id=1865"},"modified":"2020-10-16T18:07:34","modified_gmt":"2020-10-16T16:07:34","slug":"comment-venir","status":"publish","type":"page","link":"https:\/\/www.maison-piloni.com\/fr\/contact\/comment-venir\/","title":{"rendered":"Comment venir"},"content":{"rendered":"<div class=\"row\">\n<h2><i class=\"fa fa-car\"><\/i> En voiture :<\/h2>\n<div class=\"large-6 medium-6 columns\">\n<h3>Depuis le Nord<\/h3>\n<ul>\n<li>Depuis Lyon prendre <strong>l\u2019autoroute A7<\/strong> (Autoroute du soleil) direction Marseille jusqu\u2019\u00e0 Avignon Nord (sortie 23)<\/li>\n<li>D\u00e9partementale D942 direction Carpentras, <strong>sortie Entraigues, Althen-des-Paluds, Pernes-les-Fontaines, Les Valayans <\/strong><\/li>\n<li>Route D16, au rond point tournez sur la <strong>D28<\/strong> direction Pernes-les-Fontaines<\/li>\n<li><strong>D938<\/strong> direction L\u2019Isle-sur-la-Sorgue<\/li>\n<li>Au <strong>3\u00e8me<\/strong> rond-point tournez sur Cours Fernande Peyre<\/li>\n<li>Vous trouverez la Maison Piloni sur le <strong>c\u00f4t\u00e9 gauche<\/strong> de la route<\/li>\n<\/ul>\n<p>ou<\/p>\n<ul>\n<li>Depuis Lyon prendre <strong>l\u2019autoroute A7<\/strong> (autoroute du soleil) vers Marseille jusqu\u2019\u00e0 Avignon Sud (sortie 24)<\/li>\n<li>Prenez la <strong>D900<\/strong> direction Apte<\/li>\n<li>Tournez \u00e0 gauche \u00e0 Caumont-sur-Durance<\/li>\n<li><strong>D25<\/strong> jusqu\u2019\u00e0 L\u2019Isle-sur-la-Sorgue<\/li>\n<li>Apr\u00e8s le passage souterrain, tournez \u00e0 droite sur la rue principale (Avenue de la Lib\u00e9ration)<\/li>\n<li>Continuez le long de la rivi\u00e8re jusqu\u2019\u00e0 atteindre le <strong>2\u00e8me rond-point<\/strong> et tournez sur Cours Fernande Peyre<\/li>\n<li>La Maison Piloni se trouve sur le <strong>c\u00f4t\u00e9 droit<\/strong> de la route<\/li>\n<\/ul>\n<\/div>\n<div class=\"large-6 medium-6 columns\">\n<h3>Depuis le Sud<\/h3>\n<ul>\n<li>Depuis Montpellier, prendre <strong>l\u2019autoroute A9<\/strong> (La Languedocienne) direction Orange jusqu\u2019\u00e0 Remoulins (sortie 23)<\/li>\n<li>Prenez la <strong>N100<\/strong> jusqu\u2019\u00e0 Avignon<\/li>\n<li>Allez au nord d\u2019Avignon (le long du Rh\u00f4ne, pass\u00e9s le pont d\u2019Avignon)<\/li>\n<li>D\u00e9partementale <strong>D942<\/strong> direction Carpentras, <strong>sortie Entraigues, Althen-des-Paluds, Pernes-les-Fontaines, Les Valayans<\/strong><\/li>\n<li>Route <strong>D16<\/strong>, au rond-point tournez sur la <strong>D28<\/strong> direction Pernes-les-Fontaines<\/li>\n<li><strong>D938<\/strong> direction L\u2019Isle-sur-la-Sorgue<\/li>\n<li>Au <strong>3\u00e8me rond-point<\/strong> tournez sur Cours Fernande Peyre<\/li>\n<li>Vous trouverez la Maison Piloni sur le <strong>c\u00f4t\u00e9 gauche<\/strong> de la route<\/li>\n<\/ul>\n<ul>\n<li>De Marseille prendre <strong>l\u2019autoroute A7<\/strong> (autoroute du soleil) direction Avignon<\/li>\n<li>Puis suivre le m\u00eame chemin d\u00e9crit ci-dessus<\/li>\n<\/ul>\n<p><img loading=\"lazy\" decoding=\"async\" class=\"alignnone size-medium wp-image-280\" src=\"https:\/\/www.maison-piloni.com\/wp-content\/uploads\/2016\/09\/s5-300x208.jpg\" alt=\"\" width=\"300\" height=\"208\" srcset=\"https:\/\/www.maison-piloni.com\/wp-content\/uploads\/2016\/09\/s5-300x208.jpg 300w, https:\/\/www.maison-piloni.com\/wp-content\/uploads\/2016\/09\/s5-250x173.jpg 250w, https:\/\/www.maison-piloni.com\/wp-content\/uploads\/2016\/09\/s5-768x532.jpg 768w, https:\/\/www.maison-piloni.com\/wp-content\/uploads\/2016\/09\/s5-1024x710.jpg 1024w, https:\/\/www.maison-piloni.com\/wp-content\/uploads\/2016\/09\/s5.jpg 1629w\" sizes=\"auto, (max-width: 300px) 100vw, 300px\" \/><\/p>\n<p><a href=\"https:\/\/www.google.ch\/maps\/place\/Maison+Piloni\/@43.922975,5.0573633,17z\/data=!4m15!1m9!4m8!1m0!1m6!1m2!1s0x12b5f5f5f0a0bc79:0x7c8439f1ede16ea1!2sMaison+Piloni,+396+Cours+Fernande+Peyre,+84800+L'Isle-sur-la-Sorgue,+Frankreich!2m2!1d5.059552!2d43.922975!3m4!1s0x12b5f5f5f0a0bc79:0x7c8439f1ede16ea1!8m2!3d43.922975!4d5.059552\" target=\"_blank\" rel=\"noopener noreferrer\">Routenplaner<\/a><\/p>\n<\/div>\n<\/div>\n<hr \/>\n<div class=\"row\">\n<div class=\"large-6 medium-6 columns\">\n<h2><i class=\"fa fa-train\"><\/i> En train\u00a0:<\/h2>\n<p>De Gen\u00e8ve, Paris, Lyon, Marseille jusqu\u2019\u00e0 la gare d\u2019Avignon TGV<\/p>\n<h3>Suite du voyage :<\/h3>\n<ul>\n<li>Train r\u00e9gional Avignon TGV &#8211; Avignon centre \u2013 L\u2019Isle-sur-la-Sorgue\/Fontaine-de-Vaucluse (<a href=\"https:\/\/www.ter.sncf.com\/sud-provence-alpes-cote-d-azur\" target=\"_blank\" rel=\"noopener noreferrer\">Horaires<\/a>)<\/li>\n<li>Taxi (entre \u20ac60 et \u20ac75)<\/li>\n<li><a href=\"https:\/\/www.gares-sncf.com\/fr\/gare\/fravg\/avignon-tgv\/transports-horaires\/transports-individuels\/location\" target=\"_blank\" rel=\"noopener noreferrer\"> Location de voiture \u00e0 la gare d\u2019Avignon TGV <\/a><\/li>\n<li>Navette de la Maison Piloni (maximum 4 personnes \u2013 50\u20ac\/trajet)<\/li>\n<\/ul>\n<p><a href=\"http:\/\/www.sncf.com\/\" target=\"_blank\" rel=\"noopener noreferrer\">Site web SNCF<\/a><\/p>\n<\/div>\n<div class=\"large-6 medium-6 columns\">\n<h2><i class=\"fa fa-plane\"><\/i> En avion :<\/h2>\n<p>A\u00e9roport le plus proche :<\/p>\n<ul>\n<li><a href=\"http:\/\/www.avignon.aeroport.fr\/\" target=\"_blank\" rel=\"noopener noreferrer\"><strong>Avignon<\/strong> Provence<\/a> (environs ca. 15km)<\/li>\n<li><a href=\"http:\/\/www.marseille.aeroport.fr\/\" target=\"_blank\" rel=\"noopener noreferrer\"><strong> Marseille Provence <\/strong> Provence\u00a0<\/a> (environs 80km de distance)<\/li>\n<li><a href=\"http:\/\/www.montpellier.aeroport.fr\/\" target=\"_blank\" rel=\"noopener noreferrer\"><strong>Montpellier<\/strong><\/a> (entfernung ca. 120km de distance)<\/li>\n<li><a href=\"http:\/\/www.nice.aeroport.fr\/\" target=\"_blank\" rel=\"noopener noreferrer\"><strong>Nizza<\/strong><\/a> (environs ca. 240km de distance)<\/li>\n<li><a href=\"https:\/\/www.lyonaeroports.com\/\" target=\"_blank\" rel=\"noopener noreferrer\"><strong>Lyon<\/strong> Saint-Exup\u00e9ry<\/a> (environs ca. 260km de distance)<\/li>\n<li><a href=\"https:\/\/www.gva.ch\/fr\/\" target=\"_blank\" rel=\"noopener noreferrer\"><strong>Gen\u00e8ve<\/strong><\/a> (environs ca. 400km de distance)<\/li>\n<li><strong><a href=\"http:\/\/int.parisaeroport.fr\/\" target=\"_blank\" rel=\"noopener noreferrer\">Paris<\/a>\u00a0<\/strong>(environs ca. 720km de distance)<\/li>\n<\/ul>\n<\/div>\n<\/div>\n","protected":false},"excerpt":{"rendered":"<p>En voiture : Depuis le Nord Depuis Lyon prendre l\u2019autoroute A7 (Autoroute du soleil) direction Marseille jusqu\u2019\u00e0 Avignon Nord (sortie 23) D\u00e9partementale D942 direction Carpentras, sortie Entraigues, Althen-des-Paluds, Pernes-les-Fontaines, Les Valayans Route D16, au rond point tournez sur la D28 direction Pernes-les-Fontaines D938 direction L\u2019Isle-sur-la-Sorgue Au 3\u00e8me rond-point tournez sur Cours Fernande Peyre Vous trouverez&#8230;<\/p>\n","protected":false},"author":1,"featured_media":0,"parent":1850,"menu_order":1,"comment_status":"closed","ping_status":"closed","template":"template-full-width.php","meta":{"_acf_changed":false,"footnotes":""},"class_list":["post-1865","page","type-page","status-publish","hentry"],"acf":[],"_links":{"self":[{"href":"https:\/\/www.maison-piloni.com\/fr\/wp-json\/wp\/v2\/pages\/1865\/"}],"collection":[{"href":"https:\/\/www.maison-piloni.com\/fr\/wp-json\/wp\/v2\/pages\/"}],"about":[{"href":"https:\/\/www.maison-piloni.com\/fr\/wp-json\/wp\/v2\/types\/page\/"}],"author":[{"embeddable":true,"href":"https:\/\/www.maison-piloni.com\/fr\/wp-json\/wp\/v2\/users\/1\/"}],"replies":[{"embeddable":true,"href":"https:\/\/www.maison-piloni.com\/fr\/wp-json\/wp\/v2\/comments\/?post=1865"}],"version-history":[{"count":7,"href":"https:\/\/www.maison-piloni.com\/fr\/wp-json\/wp\/v2\/pages\/1865\/revisions\/"}],"predecessor-version":[{"id":2649,"href":"https:\/\/www.maison-piloni.com\/fr\/wp-json\/wp\/v2\/pages\/1865\/revisions\/2649\/"}],"up":[{"embeddable":true,"href":"https:\/\/www.maison-piloni.com\/fr\/wp-json\/wp\/v2\/pages\/1850\/"}],"wp:attachment":[{"href":"https:\/\/www.maison-piloni.com\/fr\/wp-json\/wp\/v2\/media\/?parent=1865"}],"curies":[{"name":"wp","href":"https:\/\/api.w.org\/{rel}","templated":true}]}}