{"id":1861,"date":"2017-06-02T15:03:04","date_gmt":"2017-06-02T13:03:04","guid":{"rendered":"https:\/\/www.maison-piloni.com\/?page_id=1861"},"modified":"2017-06-02T15:03:04","modified_gmt":"2017-06-02T13:03:04","slug":"a-propos-de-nous","status":"publish","type":"page","link":"https:\/\/www.maison-piloni.com\/fr\/contact\/a-propos-de-nous\/","title":{"rendered":"A propos de nous"},"content":{"rendered":"<blockquote>\n<p> Tout a commenc\u00e9 par le d\u00e9sir d\u2019exp\u00e9rimenter quelque<br \/>chose de nouveau dans notre vie. <br \/>\n <cite>Suzanne und No\u00ebl<\/cite><\/p>\n<\/blockquote>\n<h2> Comment cela a commenc\u00e9 <\/h2>\n<p> Nous avions mille et une id\u00e9es, nous les avons discut\u00e9es et abandonn\u00e9es. Ce qui charmait l\u2019un ne plaisait pas \u00e0 l\u2019autre et vice versa. C\u2019est un hasard qui, au printemps 2014, nous a rendu attentifs \u00e0 quelque chose qui nous trottait d\u00e9j\u00e0 dans la t\u00eate. On nous a propos\u00e9 d\u2019acheter une maison de chambres d\u2019h\u00f4tes \u00e0 Avignon. M\u00eame si ce projet n\u2019a finalement pas abouti pour diverses raisons, il nous avait mis la puce \u00e0 l\u2019oreille. <\/p>\n<p> En automne 2015, nous avons trouv\u00e9 un bien  immobilier sur l\u2019Isle-sur-la Sorgue. La premi\u00e8re visite fut si prometteuse que nous \u00e9tions tout feux tout flammes et nous avons alors tout mis en \u0153uvre pour que notre r\u00eave puisse enfin devenir r\u00e9alit\u00e9. Au printemps  2016, nous avons enfin pu poser nos valises en Provence. Apr\u00e8s quelques travaux de r\u00e9novation nous y \u00e9tions : la Maison Piloni \u00e9tait ouverte\u00a0!  <\/p>\n<h2>Suzanne et No\u00ebl<\/h2>\n<p>Suzanne est suisse. Elle a v\u00e9cu et travaill\u00e9 \u00e0 Bern pendant plus de 20 ans. Economiste de formation elle occupait, avant son d\u00e9part pour la Provence, un poste de direction dans un mus\u00e9e d&rsquo;Art en Suisse. Elle a parcouru le monde avec No\u00ebl, l\u2019Europe et l\u2019Asie \u00e9tant leurs destinations de pr\u00e9dilection.<br \/>\nSuzanne exerce son nouveau m\u00e9tier avec passion, elle cuisine avec\u00a0amour et est une fervente supportrice de la cuisine r\u00e9gionale et de saison.<\/p>\n<p> No\u00ebl et un double national austro-suisse. Son d\u00e9m\u00e9nagement sur l&rsquo;Isle sur la Sorgue l&rsquo;a rapproch\u00e9 de sa ville natale, Marseille. No\u00ebl est de formation\u00a0boulanger-p\u00e2tissier,\u00a0barman, th\u00e9rapeute et professeur de musique et il est toujours actif dans le domaine du d\u00e9veloppement d&rsquo;internet en parall\u00e8le de ses activit\u00e9s dans la Maison Piloni.\u00a0Il  adore faire du pain et des viennoiseries que vous pourrez go\u00fbter aux petits d\u00e9jeuners de la Maison Piloni.  <\/p>\n<div id='gallery-1' class='gallery galleryid-1861 gallery-columns-5 gallery-size-thumbnail'><figure class='gallery-item'>\n\t\t\t<div class='gallery-icon landscape'>\n\t\t\t\t<a href='https:\/\/www.maison-piloni.com\/fr\/contact\/a-propos-de-nous\/img_3816-2\/'><img loading=\"lazy\" decoding=\"async\" width=\"250\" height=\"250\" src=\"https:\/\/www.maison-piloni.com\/wp-content\/uploads\/2016\/09\/IMG_3816-250x250.jpg\" class=\"attachment-thumbnail size-thumbnail\" alt=\"\" srcset=\"https:\/\/www.maison-piloni.com\/wp-content\/uploads\/2016\/09\/IMG_3816-250x250.jpg 250w, https:\/\/www.maison-piloni.com\/wp-content\/uploads\/2016\/09\/IMG_3816-300x300.jpg 300w, https:\/\/www.maison-piloni.com\/wp-content\/uploads\/2016\/09\/IMG_3816.jpg 768w, https:\/\/www.maison-piloni.com\/wp-content\/uploads\/2016\/09\/IMG_3816-125x125.jpg 125w\" sizes=\"auto, (max-width: 250px) 100vw, 250px\" \/><\/a>\n\t\t\t<\/div><\/figure><figure class='gallery-item'>\n\t\t\t<div class='gallery-icon landscape'>\n\t\t\t\t<a href='https:\/\/www.maison-piloni.com\/fr\/contact\/a-propos-de-nous\/img_4012-2\/'><img loading=\"lazy\" decoding=\"async\" width=\"250\" height=\"250\" src=\"https:\/\/www.maison-piloni.com\/wp-content\/uploads\/2016\/09\/IMG_4012-250x250.jpg\" class=\"attachment-thumbnail size-thumbnail\" alt=\"\" srcset=\"https:\/\/www.maison-piloni.com\/wp-content\/uploads\/2016\/09\/IMG_4012-250x250.jpg 250w, https:\/\/www.maison-piloni.com\/wp-content\/uploads\/2016\/09\/IMG_4012-300x300.jpg 300w, https:\/\/www.maison-piloni.com\/wp-content\/uploads\/2016\/09\/IMG_4012-768x768.jpg 768w, https:\/\/www.maison-piloni.com\/wp-content\/uploads\/2016\/09\/IMG_4012-1024x1024.jpg 1024w, https:\/\/www.maison-piloni.com\/wp-content\/uploads\/2016\/09\/IMG_4012-125x125.jpg 125w\" sizes=\"auto, (max-width: 250px) 100vw, 250px\" \/><\/a>\n\t\t\t<\/div><\/figure><figure class='gallery-item'>\n\t\t\t<div class='gallery-icon landscape'>\n\t\t\t\t<a href='https:\/\/www.maison-piloni.com\/fr\/contact\/a-propos-de-nous\/img_3944-2\/'><img loading=\"lazy\" decoding=\"async\" width=\"250\" height=\"250\" src=\"https:\/\/www.maison-piloni.com\/wp-content\/uploads\/2016\/09\/IMG_3944-250x250.jpg\" class=\"attachment-thumbnail size-thumbnail\" alt=\"\" srcset=\"https:\/\/www.maison-piloni.com\/wp-content\/uploads\/2016\/09\/IMG_3944-250x250.jpg 250w, https:\/\/www.maison-piloni.com\/wp-content\/uploads\/2016\/09\/IMG_3944-300x300.jpg 300w, https:\/\/www.maison-piloni.com\/wp-content\/uploads\/2016\/09\/IMG_3944.jpg 768w, https:\/\/www.maison-piloni.com\/wp-content\/uploads\/2016\/09\/IMG_3944-125x125.jpg 125w\" sizes=\"auto, (max-width: 250px) 100vw, 250px\" \/><\/a>\n\t\t\t<\/div><\/figure><figure class='gallery-item'>\n\t\t\t<div class='gallery-icon landscape'>\n\t\t\t\t<a href='https:\/\/www.maison-piloni.com\/fr\/contact\/a-propos-de-nous\/img_3393-2\/'><img loading=\"lazy\" decoding=\"async\" width=\"250\" height=\"212\" src=\"https:\/\/www.maison-piloni.com\/wp-content\/uploads\/2016\/09\/IMG_3393-250x212.jpg\" class=\"attachment-thumbnail size-thumbnail\" alt=\"\" srcset=\"https:\/\/www.maison-piloni.com\/wp-content\/uploads\/2016\/09\/IMG_3393-250x212.jpg 250w, https:\/\/www.maison-piloni.com\/wp-content\/uploads\/2016\/09\/IMG_3393-300x255.jpg 300w, https:\/\/www.maison-piloni.com\/wp-content\/uploads\/2016\/09\/IMG_3393-768x652.jpg 768w, https:\/\/www.maison-piloni.com\/wp-content\/uploads\/2016\/09\/IMG_3393.jpg 905w\" sizes=\"auto, (max-width: 250px) 100vw, 250px\" \/><\/a>\n\t\t\t<\/div><\/figure><figure class='gallery-item'>\n\t\t\t<div class='gallery-icon portrait'>\n\t\t\t\t<a href='https:\/\/www.maison-piloni.com\/fr\/contact\/a-propos-de-nous\/img_4195-2\/'><img loading=\"lazy\" decoding=\"async\" width=\"250\" height=\"444\" src=\"https:\/\/www.maison-piloni.com\/wp-content\/uploads\/2016\/09\/IMG_4195-250x444.jpg\" class=\"attachment-thumbnail size-thumbnail\" alt=\"\" srcset=\"https:\/\/www.maison-piloni.com\/wp-content\/uploads\/2016\/09\/IMG_4195-250x444.jpg 250w, https:\/\/www.maison-piloni.com\/wp-content\/uploads\/2016\/09\/IMG_4195-169x300.jpg 169w, https:\/\/www.maison-piloni.com\/wp-content\/uploads\/2016\/09\/IMG_4195.jpg 432w\" sizes=\"auto, (max-width: 250px) 100vw, 250px\" \/><\/a>\n\t\t\t<\/div><\/figure><figure class='gallery-item'>\n\t\t\t<div class='gallery-icon landscape'>\n\t\t\t\t<a href='https:\/\/www.maison-piloni.com\/fr\/contact\/a-propos-de-nous\/img_2886-2\/'><img loading=\"lazy\" decoding=\"async\" width=\"250\" height=\"188\" src=\"https:\/\/www.maison-piloni.com\/wp-content\/uploads\/2016\/09\/IMG_2886-250x188.jpg\" class=\"attachment-thumbnail size-thumbnail\" alt=\"\" srcset=\"https:\/\/www.maison-piloni.com\/wp-content\/uploads\/2016\/09\/IMG_2886-250x188.jpg 250w, https:\/\/www.maison-piloni.com\/wp-content\/uploads\/2016\/09\/IMG_2886-300x225.jpg 300w, https:\/\/www.maison-piloni.com\/wp-content\/uploads\/2016\/09\/IMG_2886-768x576.jpg 768w, https:\/\/www.maison-piloni.com\/wp-content\/uploads\/2016\/09\/IMG_2886.jpg 1024w\" sizes=\"auto, (max-width: 250px) 100vw, 250px\" \/><\/a>\n\t\t\t<\/div><\/figure><figure class='gallery-item'>\n\t\t\t<div class='gallery-icon landscape'>\n\t\t\t\t<a href='https:\/\/www.maison-piloni.com\/fr\/contact\/a-propos-de-nous\/img_3575-2\/'><img loading=\"lazy\" decoding=\"async\" width=\"250\" height=\"188\" src=\"https:\/\/www.maison-piloni.com\/wp-content\/uploads\/2016\/09\/IMG_3575-250x188.jpg\" class=\"attachment-thumbnail size-thumbnail\" alt=\"\" srcset=\"https:\/\/www.maison-piloni.com\/wp-content\/uploads\/2016\/09\/IMG_3575-250x188.jpg 250w, https:\/\/www.maison-piloni.com\/wp-content\/uploads\/2016\/09\/IMG_3575-300x225.jpg 300w, https:\/\/www.maison-piloni.com\/wp-content\/uploads\/2016\/09\/IMG_3575-768x576.jpg 768w, https:\/\/www.maison-piloni.com\/wp-content\/uploads\/2016\/09\/IMG_3575.jpg 1024w\" sizes=\"auto, (max-width: 250px) 100vw, 250px\" \/><\/a>\n\t\t\t<\/div><\/figure><figure class='gallery-item'>\n\t\t\t<div class='gallery-icon portrait'>\n\t\t\t\t<a href='https:\/\/www.maison-piloni.com\/fr\/contact\/a-propos-de-nous\/img_4196-2\/'><img loading=\"lazy\" decoding=\"async\" width=\"250\" height=\"333\" src=\"https:\/\/www.maison-piloni.com\/wp-content\/uploads\/2016\/09\/IMG_4196-250x333.jpg\" class=\"attachment-thumbnail size-thumbnail\" alt=\"\" srcset=\"https:\/\/www.maison-piloni.com\/wp-content\/uploads\/2016\/09\/IMG_4196-250x333.jpg 250w, https:\/\/www.maison-piloni.com\/wp-content\/uploads\/2016\/09\/IMG_4196-225x300.jpg 225w, https:\/\/www.maison-piloni.com\/wp-content\/uploads\/2016\/09\/IMG_4196.jpg 576w\" sizes=\"auto, (max-width: 250px) 100vw, 250px\" \/><\/a>\n\t\t\t<\/div><\/figure><figure class='gallery-item'>\n\t\t\t<div class='gallery-icon portrait'>\n\t\t\t\t<a href='https:\/\/www.maison-piloni.com\/fr\/contact\/a-propos-de-nous\/img_4716-2\/'><img loading=\"lazy\" decoding=\"async\" width=\"250\" height=\"444\" src=\"https:\/\/www.maison-piloni.com\/wp-content\/uploads\/2016\/09\/IMG_4716-250x444.jpg\" class=\"attachment-thumbnail size-thumbnail\" alt=\"\" srcset=\"https:\/\/www.maison-piloni.com\/wp-content\/uploads\/2016\/09\/IMG_4716-250x444.jpg 250w, https:\/\/www.maison-piloni.com\/wp-content\/uploads\/2016\/09\/IMG_4716-169x300.jpg 169w, https:\/\/www.maison-piloni.com\/wp-content\/uploads\/2016\/09\/IMG_4716-768x1365.jpg 768w, https:\/\/www.maison-piloni.com\/wp-content\/uploads\/2016\/09\/IMG_4716-576x1024.jpg 576w, https:\/\/www.maison-piloni.com\/wp-content\/uploads\/2016\/09\/IMG_4716.jpg 900w\" sizes=\"auto, (max-width: 250px) 100vw, 250px\" \/><\/a>\n\t\t\t<\/div><\/figure><figure class='gallery-item'>\n\t\t\t<div class='gallery-icon landscape'>\n\t\t\t\t<a href='https:\/\/www.maison-piloni.com\/fr\/contact\/a-propos-de-nous\/img_3989-2\/'><img loading=\"lazy\" decoding=\"async\" width=\"250\" height=\"188\" src=\"https:\/\/www.maison-piloni.com\/wp-content\/uploads\/2016\/09\/IMG_3989-250x188.jpg\" class=\"attachment-thumbnail size-thumbnail\" alt=\"\" srcset=\"https:\/\/www.maison-piloni.com\/wp-content\/uploads\/2016\/09\/IMG_3989-250x188.jpg 250w, https:\/\/www.maison-piloni.com\/wp-content\/uploads\/2016\/09\/IMG_3989-300x225.jpg 300w, https:\/\/www.maison-piloni.com\/wp-content\/uploads\/2016\/09\/IMG_3989-768x576.jpg 768w, https:\/\/www.maison-piloni.com\/wp-content\/uploads\/2016\/09\/IMG_3989.jpg 1024w\" sizes=\"auto, (max-width: 250px) 100vw, 250px\" \/><\/a>\n\t\t\t<\/div><\/figure><figure class='gallery-item'>\n\t\t\t<div class='gallery-icon landscape'>\n\t\t\t\t<a href='https:\/\/www.maison-piloni.com\/fr\/contact\/a-propos-de-nous\/img_3857-2\/'><img loading=\"lazy\" decoding=\"async\" width=\"250\" height=\"188\" src=\"https:\/\/www.maison-piloni.com\/wp-content\/uploads\/2016\/09\/IMG_3857-250x188.jpg\" class=\"attachment-thumbnail size-thumbnail\" alt=\"\" srcset=\"https:\/\/www.maison-piloni.com\/wp-content\/uploads\/2016\/09\/IMG_3857-250x188.jpg 250w, https:\/\/www.maison-piloni.com\/wp-content\/uploads\/2016\/09\/IMG_3857-300x225.jpg 300w, https:\/\/www.maison-piloni.com\/wp-content\/uploads\/2016\/09\/IMG_3857-768x576.jpg 768w, https:\/\/www.maison-piloni.com\/wp-content\/uploads\/2016\/09\/IMG_3857.jpg 1024w\" sizes=\"auto, (max-width: 250px) 100vw, 250px\" \/><\/a>\n\t\t\t<\/div><\/figure><figure class='gallery-item'>\n\t\t\t<div class='gallery-icon landscape'>\n\t\t\t\t<a href='https:\/\/www.maison-piloni.com\/fr\/contact\/a-propos-de-nous\/img_4325-2\/'><img loading=\"lazy\" decoding=\"async\" width=\"250\" height=\"188\" src=\"https:\/\/www.maison-piloni.com\/wp-content\/uploads\/2016\/09\/IMG_4325-250x188.jpg\" class=\"attachment-thumbnail size-thumbnail\" alt=\"\" srcset=\"https:\/\/www.maison-piloni.com\/wp-content\/uploads\/2016\/09\/IMG_4325-250x188.jpg 250w, https:\/\/www.maison-piloni.com\/wp-content\/uploads\/2016\/09\/IMG_4325-300x225.jpg 300w, https:\/\/www.maison-piloni.com\/wp-content\/uploads\/2016\/09\/IMG_4325-768x576.jpg 768w, https:\/\/www.maison-piloni.com\/wp-content\/uploads\/2016\/09\/IMG_4325.jpg 1024w\" sizes=\"auto, (max-width: 250px) 100vw, 250px\" \/><\/a>\n\t\t\t<\/div><\/figure><figure class='gallery-item'>\n\t\t\t<div class='gallery-icon landscape'>\n\t\t\t\t<a href='https:\/\/www.maison-piloni.com\/fr\/contact\/a-propos-de-nous\/img_4128-2\/'><img loading=\"lazy\" decoding=\"async\" width=\"250\" height=\"188\" src=\"https:\/\/www.maison-piloni.com\/wp-content\/uploads\/2016\/09\/IMG_4128-250x188.jpg\" class=\"attachment-thumbnail size-thumbnail\" alt=\"\" srcset=\"https:\/\/www.maison-piloni.com\/wp-content\/uploads\/2016\/09\/IMG_4128-250x188.jpg 250w, https:\/\/www.maison-piloni.com\/wp-content\/uploads\/2016\/09\/IMG_4128-300x225.jpg 300w, https:\/\/www.maison-piloni.com\/wp-content\/uploads\/2016\/09\/IMG_4128-768x576.jpg 768w, https:\/\/www.maison-piloni.com\/wp-content\/uploads\/2016\/09\/IMG_4128.jpg 1024w\" sizes=\"auto, (max-width: 250px) 100vw, 250px\" \/><\/a>\n\t\t\t<\/div><\/figure><figure class='gallery-item'>\n\t\t\t<div class='gallery-icon landscape'>\n\t\t\t\t<a href='https:\/\/www.maison-piloni.com\/fr\/contact\/a-propos-de-nous\/img_3839-2\/'><img loading=\"lazy\" decoding=\"async\" width=\"250\" height=\"250\" src=\"https:\/\/www.maison-piloni.com\/wp-content\/uploads\/2016\/09\/IMG_3839-250x250.jpg\" class=\"attachment-thumbnail size-thumbnail\" alt=\"\" srcset=\"https:\/\/www.maison-piloni.com\/wp-content\/uploads\/2016\/09\/IMG_3839-250x250.jpg 250w, https:\/\/www.maison-piloni.com\/wp-content\/uploads\/2016\/09\/IMG_3839-300x300.jpg 300w, https:\/\/www.maison-piloni.com\/wp-content\/uploads\/2016\/09\/IMG_3839.jpg 768w, https:\/\/www.maison-piloni.com\/wp-content\/uploads\/2016\/09\/IMG_3839-125x125.jpg 125w\" sizes=\"auto, (max-width: 250px) 100vw, 250px\" \/><\/a>\n\t\t\t<\/div><\/figure><figure class='gallery-item'>\n\t\t\t<div class='gallery-icon portrait'>\n\t\t\t\t<a href='https:\/\/www.maison-piloni.com\/fr\/contact\/a-propos-de-nous\/img_3766-2\/'><img loading=\"lazy\" decoding=\"async\" width=\"250\" height=\"333\" src=\"https:\/\/www.maison-piloni.com\/wp-content\/uploads\/2016\/09\/IMG_3766-250x333.jpg\" class=\"attachment-thumbnail size-thumbnail\" alt=\"\" srcset=\"https:\/\/www.maison-piloni.com\/wp-content\/uploads\/2016\/09\/IMG_3766-250x333.jpg 250w, https:\/\/www.maison-piloni.com\/wp-content\/uploads\/2016\/09\/IMG_3766-225x300.jpg 225w, https:\/\/www.maison-piloni.com\/wp-content\/uploads\/2016\/09\/IMG_3766.jpg 576w\" sizes=\"auto, (max-width: 250px) 100vw, 250px\" \/><\/a>\n\t\t\t<\/div><\/figure><figure class='gallery-item'>\n\t\t\t<div class='gallery-icon portrait'>\n\t\t\t\t<a href='https:\/\/www.maison-piloni.com\/fr\/contact\/a-propos-de-nous\/img_3859-2\/'><img loading=\"lazy\" decoding=\"async\" width=\"250\" height=\"333\" src=\"https:\/\/www.maison-piloni.com\/wp-content\/uploads\/2016\/09\/IMG_3859-250x333.jpg\" class=\"attachment-thumbnail size-thumbnail\" alt=\"\" srcset=\"https:\/\/www.maison-piloni.com\/wp-content\/uploads\/2016\/09\/IMG_3859-250x333.jpg 250w, https:\/\/www.maison-piloni.com\/wp-content\/uploads\/2016\/09\/IMG_3859-225x300.jpg 225w, https:\/\/www.maison-piloni.com\/wp-content\/uploads\/2016\/09\/IMG_3859.jpg 576w\" sizes=\"auto, (max-width: 250px) 100vw, 250px\" \/><\/a>\n\t\t\t<\/div><\/figure><figure class='gallery-item'>\n\t\t\t<div class='gallery-icon landscape'>\n\t\t\t\t<a href='https:\/\/www.maison-piloni.com\/fr\/contact\/a-propos-de-nous\/img_4290-2\/'><img loading=\"lazy\" decoding=\"async\" width=\"250\" height=\"141\" src=\"https:\/\/www.maison-piloni.com\/wp-content\/uploads\/2016\/09\/IMG_4290-250x141.jpg\" class=\"attachment-thumbnail size-thumbnail\" alt=\"\" srcset=\"https:\/\/www.maison-piloni.com\/wp-content\/uploads\/2016\/09\/IMG_4290-250x141.jpg 250w, https:\/\/www.maison-piloni.com\/wp-content\/uploads\/2016\/09\/IMG_4290-300x169.jpg 300w, https:\/\/www.maison-piloni.com\/wp-content\/uploads\/2016\/09\/IMG_4290-768x432.jpg 768w, https:\/\/www.maison-piloni.com\/wp-content\/uploads\/2016\/09\/IMG_4290.jpg 1024w\" sizes=\"auto, (max-width: 250px) 100vw, 250px\" \/><\/a>\n\t\t\t<\/div><\/figure><figure class='gallery-item'>\n\t\t\t<div class='gallery-icon landscape'>\n\t\t\t\t<a href='https:\/\/www.maison-piloni.com\/fr\/contact\/a-propos-de-nous\/img_3745-2\/'><img loading=\"lazy\" decoding=\"async\" width=\"250\" height=\"188\" src=\"https:\/\/www.maison-piloni.com\/wp-content\/uploads\/2016\/09\/IMG_3745-250x188.jpg\" class=\"attachment-thumbnail size-thumbnail\" alt=\"\" srcset=\"https:\/\/www.maison-piloni.com\/wp-content\/uploads\/2016\/09\/IMG_3745-250x188.jpg 250w, https:\/\/www.maison-piloni.com\/wp-content\/uploads\/2016\/09\/IMG_3745-300x225.jpg 300w, https:\/\/www.maison-piloni.com\/wp-content\/uploads\/2016\/09\/IMG_3745-768x576.jpg 768w, https:\/\/www.maison-piloni.com\/wp-content\/uploads\/2016\/09\/IMG_3745.jpg 1024w\" sizes=\"auto, (max-width: 250px) 100vw, 250px\" \/><\/a>\n\t\t\t<\/div><\/figure>\n\t\t<\/div>\n\n","protected":false},"excerpt":{"rendered":"<p>Tout a commenc\u00e9 par le d\u00e9sir d\u2019exp\u00e9rimenter quelquechose de nouveau dans notre vie. Suzanne und No\u00ebl Comment cela a commenc\u00e9 Nous avions mille et une id\u00e9es, nous les avons discut\u00e9es et abandonn\u00e9es. Ce qui charmait l\u2019un ne plaisait pas \u00e0 l\u2019autre et vice versa. C\u2019est un hasard qui, au printemps 2014, nous a rendu attentifs&#8230;<\/p>\n","protected":false},"author":1,"featured_media":1242,"parent":1850,"menu_order":0,"comment_status":"closed","ping_status":"closed","template":"template-full-width.php","meta":{"_acf_changed":false,"footnotes":""},"class_list":["post-1861","page","type-page","status-publish","has-post-thumbnail","hentry"],"acf":[],"_links":{"self":[{"href":"https:\/\/www.maison-piloni.com\/fr\/wp-json\/wp\/v2\/pages\/1861\/"}],"collection":[{"href":"https:\/\/www.maison-piloni.com\/fr\/wp-json\/wp\/v2\/pages\/"}],"about":[{"href":"https:\/\/www.maison-piloni.com\/fr\/wp-json\/wp\/v2\/types\/page\/"}],"author":[{"embeddable":true,"href":"https:\/\/www.maison-piloni.com\/fr\/wp-json\/wp\/v2\/users\/1\/"}],"replies":[{"embeddable":true,"href":"https:\/\/www.maison-piloni.com\/fr\/wp-json\/wp\/v2\/comments\/?post=1861"}],"version-history":[{"count":3,"href":"https:\/\/www.maison-piloni.com\/fr\/wp-json\/wp\/v2\/pages\/1861\/revisions\/"}],"predecessor-version":[{"id":1864,"href":"https:\/\/www.maison-piloni.com\/fr\/wp-json\/wp\/v2\/pages\/1861\/revisions\/1864\/"}],"up":[{"embeddable":true,"href":"https:\/\/www.maison-piloni.com\/fr\/wp-json\/wp\/v2\/pages\/1850\/"}],"wp:featuredmedia":[{"embeddable":true,"href":"https:\/\/www.maison-piloni.com\/fr\/wp-json\/wp\/v2\/media\/1242\/"}],"wp:attachment":[{"href":"https:\/\/www.maison-piloni.com\/fr\/wp-json\/wp\/v2\/media\/?parent=1861"}],"curies":[{"name":"wp","href":"https:\/\/api.w.org\/{rel}","templated":true}]}}