{"id":1844,"date":"2017-06-02T14:49:15","date_gmt":"2017-06-02T12:49:15","guid":{"rendered":"https:\/\/www.maison-piloni.com\/?page_id=1844"},"modified":"2020-09-24T15:05:19","modified_gmt":"2020-09-24T13:05:19","slug":"salle-polyvalente-la-trouvaille","status":"publish","type":"page","link":"https:\/\/www.maison-piloni.com\/fr\/information\/salle-polyvalente-la-trouvaille\/","title":{"rendered":"Salle polyvalente \u00ab La Trouvaille \u00bb"},"content":{"rendered":"<blockquote>\n<p>Espace de s\u00e9minaire ?<br \/>\nLocation de vacances ?<br \/>\nEspace d&rsquo;exercice ?<br \/>\nUne trouvaille!<br \/>\n<cite>Maison Piloni<\/cite><\/p>\n<\/blockquote>\n<p><strong>Utilisez\u00a0\u00ab\u00a0La Trouvaille\u00a0\u00bb \u00e0 votre guise\u00a0! <\/strong><\/p>\n<p>Cette maison de jardin peut \u00eatre utilis\u00e9e \u00e0 diverses fins. Pour y passer la nuit, elle peut accueillir entre 2 et maximum 4 personnes. Vid\u00e9e, elle peut servir de salle d\u2019exercice (Pilates, Yoga, M\u00e9ditation etc). Elle peut aussi \u00eatre transform\u00e9e en lieu de rencontre (cercle litt\u00e9raire, stages, conf\u00e9rences) ou en studio de r\u00e9p\u00e9tition ou d\u2019enregistrement. Elle peut m\u00eame \u00eatre d\u00e9cor\u00e9e pour des f\u00eates inoubliables.<\/p>\n<h3>Equipements<\/h3>\n<div class=\"row okList\">\n<div class=\"large-6 medium-6 columns\"><i class=\"fa fa-check-circle-o\"><\/i> Logement tout \u00e9quip\u00e9 pour 4 personnes maximum <br \/>\n<i class=\"fa fa-check-circle-o\"><\/i> Superficie\u00a0: 40m<sup>2<\/sup><br \/>\n<i class=\"fa fa-check-circle-o\"><\/i> Salle de bain avec douche et WC <br \/>\n<i class=\"fa fa-check-circle-o\"><\/i> Sol en parquet<\/div>\n<div class=\"large-6 medium-6 columns\"><i class=\"fa fa-check-circle-o\"><\/i> Cuisine <br \/>\n<i class=\"fa fa-check-circle-o\"><\/i> Frigo<br \/>\n<i class=\"fa fa-check-circle-o\"><\/i> Cuisini\u00e8re avec 2 plaques \u2013 pas de four<br \/>\n<i class=\"fa fa-check-circle-o\"><\/i> Wlan<\/div>\n<\/div>\n<hr \/>\n<h3>Tarifs<\/h3>\n<table style=\"width: 100%;\">\n<thead>\n<tr>\n<td style=\"height: 24px; text-align: center;\">Basse saison (sans nuit\u00e9e)<\/td>\n<td style=\"height: 24px; text-align: center;\">Haute saison (sans nuit\u00e9e)<\/td>\n<\/tr>\n<\/thead>\n<tbody>\n<tr>\n<td style=\"height: 24px; text-align: center;\"><strong>\u20ac 400 \/ semaine<\/strong><\/td>\n<td style=\"height: 24px; text-align: center;\"><strong> \u20ac 600 \/ semaine<\/strong><\/td>\n<\/tr>\n<tr>\n<td style=\"height: 24px; text-align: right;\" colspan=\"2\">\u00a0Nous vous proposons des r\u00e9ductions pour une r\u00e9servation de plus d\u2019une semaine.<\/td>\n<\/tr>\n<tr>\n<td style=\"height: 24px; text-align: right;\" colspan=\"2\"><a href=\"https:\/\/www.maison-piloni.com\/fr\/chambres\/gite-la-trouvaille\/\">Les prix pour l&rsquo;utilisation comme une maison de vacances se trouvent ici<\/a><\/td>\n<\/tr>\n<\/tbody>\n<\/table>\n<p><strong><a class=\"button\" href=\"https:\/\/www.maison-piloni.com\/fr\/hambres\/reservation\/\"><i class=\"fa fa-bed\"><\/i> demande de r\u00e9servation<\/a><\/strong><\/p>\n<div class=\"box\">\n<div id='gallery-1' class='gallery galleryid-1844 gallery-columns-3 gallery-size-thumbnail'><figure class='gallery-item'>\n\t\t\t<div class='gallery-icon landscape'>\n\t\t\t\t<a href='https:\/\/www.maison-piloni.com\/fr\/chambres\/gite-la-trouvaille\/photo-7-2\/'><img loading=\"lazy\" decoding=\"async\" width=\"250\" height=\"167\" src=\"https:\/\/www.maison-piloni.com\/wp-content\/uploads\/2020\/09\/photo-7-250x167.jpg\" class=\"attachment-thumbnail size-thumbnail\" alt=\"\" srcset=\"https:\/\/www.maison-piloni.com\/wp-content\/uploads\/2020\/09\/photo-7-250x167.jpg 250w, https:\/\/www.maison-piloni.com\/wp-content\/uploads\/2020\/09\/photo-7-300x200.jpg 300w, https:\/\/www.maison-piloni.com\/wp-content\/uploads\/2020\/09\/photo-7-1024x682.jpg 1024w, https:\/\/www.maison-piloni.com\/wp-content\/uploads\/2020\/09\/photo-7-768x512.jpg 768w, https:\/\/www.maison-piloni.com\/wp-content\/uploads\/2020\/09\/photo-7.jpg 1280w\" sizes=\"auto, (max-width: 250px) 100vw, 250px\" \/><\/a>\n\t\t\t<\/div><\/figure><figure class='gallery-item'>\n\t\t\t<div class='gallery-icon landscape'>\n\t\t\t\t<a href='https:\/\/www.maison-piloni.com\/fr\/chambres\/gite-la-trouvaille\/photo-6-2\/'><img loading=\"lazy\" decoding=\"async\" width=\"250\" height=\"167\" src=\"https:\/\/www.maison-piloni.com\/wp-content\/uploads\/2020\/09\/photo-6-250x167.jpg\" class=\"attachment-thumbnail size-thumbnail\" alt=\"\" srcset=\"https:\/\/www.maison-piloni.com\/wp-content\/uploads\/2020\/09\/photo-6-250x167.jpg 250w, https:\/\/www.maison-piloni.com\/wp-content\/uploads\/2020\/09\/photo-6-300x200.jpg 300w, https:\/\/www.maison-piloni.com\/wp-content\/uploads\/2020\/09\/photo-6-1024x682.jpg 1024w, https:\/\/www.maison-piloni.com\/wp-content\/uploads\/2020\/09\/photo-6-768x512.jpg 768w, https:\/\/www.maison-piloni.com\/wp-content\/uploads\/2020\/09\/photo-6.jpg 1280w\" sizes=\"auto, (max-width: 250px) 100vw, 250px\" \/><\/a>\n\t\t\t<\/div><\/figure><figure class='gallery-item'>\n\t\t\t<div class='gallery-icon landscape'>\n\t\t\t\t<a href='https:\/\/www.maison-piloni.com\/fr\/photo-5-2\/'><img loading=\"lazy\" decoding=\"async\" width=\"250\" height=\"167\" src=\"https:\/\/www.maison-piloni.com\/wp-content\/uploads\/2020\/09\/photo-5-250x167.jpg\" class=\"attachment-thumbnail size-thumbnail\" alt=\"\" srcset=\"https:\/\/www.maison-piloni.com\/wp-content\/uploads\/2020\/09\/photo-5-250x167.jpg 250w, https:\/\/www.maison-piloni.com\/wp-content\/uploads\/2020\/09\/photo-5-300x200.jpg 300w, https:\/\/www.maison-piloni.com\/wp-content\/uploads\/2020\/09\/photo-5-1024x682.jpg 1024w, https:\/\/www.maison-piloni.com\/wp-content\/uploads\/2020\/09\/photo-5-768x512.jpg 768w, https:\/\/www.maison-piloni.com\/wp-content\/uploads\/2020\/09\/photo-5.jpg 1280w\" sizes=\"auto, (max-width: 250px) 100vw, 250px\" \/><\/a>\n\t\t\t<\/div><\/figure><figure class='gallery-item'>\n\t\t\t<div class='gallery-icon landscape'>\n\t\t\t\t<a href='https:\/\/www.maison-piloni.com\/fr\/photo-3-2\/'><img loading=\"lazy\" decoding=\"async\" width=\"250\" height=\"167\" src=\"https:\/\/www.maison-piloni.com\/wp-content\/uploads\/2020\/09\/photo-3-250x167.jpg\" class=\"attachment-thumbnail size-thumbnail\" alt=\"\" srcset=\"https:\/\/www.maison-piloni.com\/wp-content\/uploads\/2020\/09\/photo-3-250x167.jpg 250w, https:\/\/www.maison-piloni.com\/wp-content\/uploads\/2020\/09\/photo-3-300x200.jpg 300w, https:\/\/www.maison-piloni.com\/wp-content\/uploads\/2020\/09\/photo-3-1024x682.jpg 1024w, https:\/\/www.maison-piloni.com\/wp-content\/uploads\/2020\/09\/photo-3-768x512.jpg 768w, https:\/\/www.maison-piloni.com\/wp-content\/uploads\/2020\/09\/photo-3.jpg 1280w\" sizes=\"auto, (max-width: 250px) 100vw, 250px\" \/><\/a>\n\t\t\t<\/div><\/figure><figure class='gallery-item'>\n\t\t\t<div class='gallery-icon landscape'>\n\t\t\t\t<a href='https:\/\/www.maison-piloni.com\/fr\/chambres\/gite-la-trouvaille\/photo-2-2\/'><img loading=\"lazy\" decoding=\"async\" width=\"250\" height=\"167\" src=\"https:\/\/www.maison-piloni.com\/wp-content\/uploads\/2020\/09\/photo-2-250x167.jpg\" class=\"attachment-thumbnail size-thumbnail\" alt=\"\" srcset=\"https:\/\/www.maison-piloni.com\/wp-content\/uploads\/2020\/09\/photo-2-250x167.jpg 250w, https:\/\/www.maison-piloni.com\/wp-content\/uploads\/2020\/09\/photo-2-300x200.jpg 300w, https:\/\/www.maison-piloni.com\/wp-content\/uploads\/2020\/09\/photo-2-1024x682.jpg 1024w, https:\/\/www.maison-piloni.com\/wp-content\/uploads\/2020\/09\/photo-2-768x512.jpg 768w, https:\/\/www.maison-piloni.com\/wp-content\/uploads\/2020\/09\/photo-2.jpg 1280w\" sizes=\"auto, (max-width: 250px) 100vw, 250px\" \/><\/a>\n\t\t\t<\/div><\/figure><figure class='gallery-item'>\n\t\t\t<div class='gallery-icon portrait'>\n\t\t\t\t<a href='https:\/\/www.maison-piloni.com\/fr\/chambres\/gite-la-trouvaille\/img_4595-2\/'><img loading=\"lazy\" decoding=\"async\" width=\"250\" height=\"333\" src=\"https:\/\/www.maison-piloni.com\/wp-content\/uploads\/2017\/05\/IMG_4595-250x333.jpg\" class=\"attachment-thumbnail size-thumbnail\" alt=\"\" srcset=\"https:\/\/www.maison-piloni.com\/wp-content\/uploads\/2017\/05\/IMG_4595-250x333.jpg 250w, https:\/\/www.maison-piloni.com\/wp-content\/uploads\/2017\/05\/IMG_4595-225x300.jpg 225w, https:\/\/www.maison-piloni.com\/wp-content\/uploads\/2017\/05\/IMG_4595.jpg 576w\" sizes=\"auto, (max-width: 250px) 100vw, 250px\" \/><\/a>\n\t\t\t<\/div><\/figure><figure class='gallery-item'>\n\t\t\t<div class='gallery-icon landscape'>\n\t\t\t\t<a href='https:\/\/www.maison-piloni.com\/fr\/chambres\/gite-la-trouvaille\/img_4582-2\/'><img loading=\"lazy\" decoding=\"async\" width=\"250\" height=\"188\" src=\"https:\/\/www.maison-piloni.com\/wp-content\/uploads\/2017\/05\/IMG_4582-250x188.jpg\" class=\"attachment-thumbnail size-thumbnail\" alt=\"\" srcset=\"https:\/\/www.maison-piloni.com\/wp-content\/uploads\/2017\/05\/IMG_4582-250x188.jpg 250w, https:\/\/www.maison-piloni.com\/wp-content\/uploads\/2017\/05\/IMG_4582-300x225.jpg 300w, https:\/\/www.maison-piloni.com\/wp-content\/uploads\/2017\/05\/IMG_4582-768x576.jpg 768w, https:\/\/www.maison-piloni.com\/wp-content\/uploads\/2017\/05\/IMG_4582.jpg 1024w\" sizes=\"auto, (max-width: 250px) 100vw, 250px\" \/><\/a>\n\t\t\t<\/div><\/figure><figure class='gallery-item'>\n\t\t\t<div class='gallery-icon landscape'>\n\t\t\t\t<a href='https:\/\/www.maison-piloni.com\/fr\/chambres\/gite-la-trouvaille\/img_4602-2\/'><img loading=\"lazy\" decoding=\"async\" width=\"250\" height=\"188\" src=\"https:\/\/www.maison-piloni.com\/wp-content\/uploads\/2017\/05\/IMG_4602-250x188.jpg\" class=\"attachment-thumbnail size-thumbnail\" alt=\"\" srcset=\"https:\/\/www.maison-piloni.com\/wp-content\/uploads\/2017\/05\/IMG_4602-250x188.jpg 250w, https:\/\/www.maison-piloni.com\/wp-content\/uploads\/2017\/05\/IMG_4602-300x225.jpg 300w, https:\/\/www.maison-piloni.com\/wp-content\/uploads\/2017\/05\/IMG_4602-768x576.jpg 768w, https:\/\/www.maison-piloni.com\/wp-content\/uploads\/2017\/05\/IMG_4602.jpg 1024w\" sizes=\"auto, (max-width: 250px) 100vw, 250px\" \/><\/a>\n\t\t\t<\/div><\/figure><figure class='gallery-item'>\n\t\t\t<div class='gallery-icon landscape'>\n\t\t\t\t<a href='https:\/\/www.maison-piloni.com\/fr\/chambres\/gite-la-trouvaille\/img_4600-2\/'><img loading=\"lazy\" decoding=\"async\" width=\"250\" height=\"188\" src=\"https:\/\/www.maison-piloni.com\/wp-content\/uploads\/2017\/05\/IMG_4600-250x188.jpg\" class=\"attachment-thumbnail size-thumbnail\" alt=\"\" srcset=\"https:\/\/www.maison-piloni.com\/wp-content\/uploads\/2017\/05\/IMG_4600-250x188.jpg 250w, https:\/\/www.maison-piloni.com\/wp-content\/uploads\/2017\/05\/IMG_4600-300x225.jpg 300w, https:\/\/www.maison-piloni.com\/wp-content\/uploads\/2017\/05\/IMG_4600-768x576.jpg 768w, https:\/\/www.maison-piloni.com\/wp-content\/uploads\/2017\/05\/IMG_4600.jpg 1024w\" sizes=\"auto, (max-width: 250px) 100vw, 250px\" \/><\/a>\n\t\t\t<\/div><\/figure>\n\t\t<\/div>\n\n<\/div>\n","protected":false},"excerpt":{"rendered":"<p>Espace de s\u00e9minaire ? Location de vacances ? Espace d&rsquo;exercice ? Une trouvaille! Maison Piloni Utilisez\u00a0\u00ab\u00a0La Trouvaille\u00a0\u00bb \u00e0 votre guise\u00a0! Cette maison de jardin peut \u00eatre utilis\u00e9e \u00e0 diverses fins. Pour y passer la nuit, elle peut accueillir entre 2 et maximum 4 personnes. Vid\u00e9e, elle peut servir de salle d\u2019exercice (Pilates, Yoga, M\u00e9ditation etc)&#8230;.<\/p>\n","protected":false},"author":1,"featured_media":2542,"parent":1817,"menu_order":3,"comment_status":"closed","ping_status":"closed","template":"template-full-width.php","meta":{"_acf_changed":false,"footnotes":""},"class_list":["post-1844","page","type-page","status-publish","has-post-thumbnail","hentry"],"acf":[],"_links":{"self":[{"href":"https:\/\/www.maison-piloni.com\/fr\/wp-json\/wp\/v2\/pages\/1844\/"}],"collection":[{"href":"https:\/\/www.maison-piloni.com\/fr\/wp-json\/wp\/v2\/pages\/"}],"about":[{"href":"https:\/\/www.maison-piloni.com\/fr\/wp-json\/wp\/v2\/types\/page\/"}],"author":[{"embeddable":true,"href":"https:\/\/www.maison-piloni.com\/fr\/wp-json\/wp\/v2\/users\/1\/"}],"replies":[{"embeddable":true,"href":"https:\/\/www.maison-piloni.com\/fr\/wp-json\/wp\/v2\/comments\/?post=1844"}],"version-history":[{"count":8,"href":"https:\/\/www.maison-piloni.com\/fr\/wp-json\/wp\/v2\/pages\/1844\/revisions\/"}],"predecessor-version":[{"id":2553,"href":"https:\/\/www.maison-piloni.com\/fr\/wp-json\/wp\/v2\/pages\/1844\/revisions\/2553\/"}],"up":[{"embeddable":true,"href":"https:\/\/www.maison-piloni.com\/fr\/wp-json\/wp\/v2\/pages\/1817\/"}],"wp:featuredmedia":[{"embeddable":true,"href":"https:\/\/www.maison-piloni.com\/fr\/wp-json\/wp\/v2\/media\/2542\/"}],"wp:attachment":[{"href":"https:\/\/www.maison-piloni.com\/fr\/wp-json\/wp\/v2\/media\/?parent=1844"}],"curies":[{"name":"wp","href":"https:\/\/api.w.org\/{rel}","templated":true}]}}