{"id":1821,"date":"2017-05-31T18:27:23","date_gmt":"2017-05-31T16:27:23","guid":{"rendered":"https:\/\/www.maison-piloni.com\/?page_id=1821"},"modified":"2017-06-10T16:22:50","modified_gmt":"2017-06-10T14:22:50","slug":"jardin-et-piscine","status":"publish","type":"page","link":"https:\/\/www.maison-piloni.com\/fr\/information\/jardin-et-piscine\/","title":{"rendered":"Jardin et piscine"},"content":{"rendered":"<h2>Un romantique jardin <\/h2>\n<p> Le jardin offre de <strong> plusieurs coins intimes<\/strong> et agr\u00e9ables dont vous pourrez profiter.<br \/>\n<strong>6 chaises longues<\/strong> sont \u00e0 votre disposition.<br \/>\nSur demande, nous vous fournissons des draps de bain pour la piscine.<br \/>\nNous vous remercions de ne pas utiliser les serviettes de la chambre \u00e0 l\u2019ext\u00e9rieur. <\/p>\n<h2> La piscine <\/h2>\n<p> La piscine <strong>mesure 10 x 4 m\u00e8tres<\/strong>, elle est profonde de 150 cm et n\u2019est pas chauff\u00e9e.<br \/>\nLa qualit\u00e9 de l\u2019eau est contr\u00f4l\u00e9e chaque jour et l\u2019eau est nettoy\u00e9e r\u00e9guli\u00e8rement.<br \/>\nLa piscine peut \u00eatre utilis\u00e9e du milieu de <strong>mois de mai jusqu\u2019\u00e0 d\u00e9but octobre<\/strong> environs (selon les conditions climatiques).  <\/p>\n<p><i class=\"fa fa-exclamation-circle\"><\/i> L\u2019utilisation de la piscine est \u00e0 vos risques et p\u00e9rils. La piscine est conforme aux normes fran\u00e7aises de s\u00e9curit\u00e9. Cependant, nous vous demandons de ne pas laisser les enfants se baigner sans surveillance.  <\/p>\n<div id='gallery-1' class='gallery galleryid-1821 gallery-columns-4 gallery-size-medium'><figure class='gallery-item'>\n\t\t\t<div class='gallery-icon landscape'>\n\t\t\t\t<a href='https:\/\/www.maison-piloni.com\/wp-content\/uploads\/2017\/02\/MaisonPilonoMai16-garden2.jpg'><img loading=\"lazy\" decoding=\"async\" width=\"300\" height=\"225\" src=\"https:\/\/www.maison-piloni.com\/wp-content\/uploads\/2017\/02\/MaisonPilonoMai16-garden2-300x225.jpg\" class=\"attachment-medium size-medium\" alt=\"\" srcset=\"https:\/\/www.maison-piloni.com\/wp-content\/uploads\/2017\/02\/MaisonPilonoMai16-garden2-300x225.jpg 300w, https:\/\/www.maison-piloni.com\/wp-content\/uploads\/2017\/02\/MaisonPilonoMai16-garden2-250x188.jpg 250w, https:\/\/www.maison-piloni.com\/wp-content\/uploads\/2017\/02\/MaisonPilonoMai16-garden2-768x576.jpg 768w, https:\/\/www.maison-piloni.com\/wp-content\/uploads\/2017\/02\/MaisonPilonoMai16-garden2.jpg 1024w\" sizes=\"auto, (max-width: 300px) 100vw, 300px\" \/><\/a>\n\t\t\t<\/div><\/figure><figure class='gallery-item'>\n\t\t\t<div class='gallery-icon landscape'>\n\t\t\t\t<a href='https:\/\/www.maison-piloni.com\/wp-content\/uploads\/2017\/02\/DSCN2891.jpg'><img loading=\"lazy\" decoding=\"async\" width=\"300\" height=\"225\" src=\"https:\/\/www.maison-piloni.com\/wp-content\/uploads\/2017\/02\/DSCN2891-300x225.jpg\" class=\"attachment-medium size-medium\" alt=\"\" srcset=\"https:\/\/www.maison-piloni.com\/wp-content\/uploads\/2017\/02\/DSCN2891-300x225.jpg 300w, https:\/\/www.maison-piloni.com\/wp-content\/uploads\/2017\/02\/DSCN2891-250x188.jpg 250w, https:\/\/www.maison-piloni.com\/wp-content\/uploads\/2017\/02\/DSCN2891-768x576.jpg 768w, https:\/\/www.maison-piloni.com\/wp-content\/uploads\/2017\/02\/DSCN2891.jpg 1024w\" sizes=\"auto, (max-width: 300px) 100vw, 300px\" \/><\/a>\n\t\t\t<\/div><\/figure><figure class='gallery-item'>\n\t\t\t<div class='gallery-icon portrait'>\n\t\t\t\t<a href='https:\/\/www.maison-piloni.com\/wp-content\/uploads\/2017\/02\/IMG_4189.jpg'><img loading=\"lazy\" decoding=\"async\" width=\"225\" height=\"300\" src=\"https:\/\/www.maison-piloni.com\/wp-content\/uploads\/2017\/02\/IMG_4189-225x300.jpg\" class=\"attachment-medium size-medium\" alt=\"\" srcset=\"https:\/\/www.maison-piloni.com\/wp-content\/uploads\/2017\/02\/IMG_4189-225x300.jpg 225w, https:\/\/www.maison-piloni.com\/wp-content\/uploads\/2017\/02\/IMG_4189-250x333.jpg 250w, https:\/\/www.maison-piloni.com\/wp-content\/uploads\/2017\/02\/IMG_4189.jpg 576w\" sizes=\"auto, (max-width: 225px) 100vw, 225px\" \/><\/a>\n\t\t\t<\/div><\/figure><figure class='gallery-item'>\n\t\t\t<div class='gallery-icon portrait'>\n\t\t\t\t<a href='https:\/\/www.maison-piloni.com\/wp-content\/uploads\/2017\/02\/20160925_164119.jpg'><img loading=\"lazy\" decoding=\"async\" width=\"169\" height=\"300\" src=\"https:\/\/www.maison-piloni.com\/wp-content\/uploads\/2017\/02\/20160925_164119-169x300.jpg\" class=\"attachment-medium size-medium\" alt=\"\" srcset=\"https:\/\/www.maison-piloni.com\/wp-content\/uploads\/2017\/02\/20160925_164119-169x300.jpg 169w, https:\/\/www.maison-piloni.com\/wp-content\/uploads\/2017\/02\/20160925_164119-250x444.jpg 250w, https:\/\/www.maison-piloni.com\/wp-content\/uploads\/2017\/02\/20160925_164119.jpg 432w\" sizes=\"auto, (max-width: 169px) 100vw, 169px\" \/><\/a>\n\t\t\t<\/div><\/figure><figure class='gallery-item'>\n\t\t\t<div class='gallery-icon landscape'>\n\t\t\t\t<a href='https:\/\/www.maison-piloni.com\/wp-content\/uploads\/2017\/02\/IMG_4201.jpg'><img loading=\"lazy\" decoding=\"async\" width=\"300\" height=\"225\" src=\"https:\/\/www.maison-piloni.com\/wp-content\/uploads\/2017\/02\/IMG_4201-300x225.jpg\" class=\"attachment-medium size-medium\" alt=\"\" srcset=\"https:\/\/www.maison-piloni.com\/wp-content\/uploads\/2017\/02\/IMG_4201-300x225.jpg 300w, https:\/\/www.maison-piloni.com\/wp-content\/uploads\/2017\/02\/IMG_4201-250x188.jpg 250w, https:\/\/www.maison-piloni.com\/wp-content\/uploads\/2017\/02\/IMG_4201-768x576.jpg 768w, https:\/\/www.maison-piloni.com\/wp-content\/uploads\/2017\/02\/IMG_4201.jpg 1024w\" sizes=\"auto, (max-width: 300px) 100vw, 300px\" \/><\/a>\n\t\t\t<\/div><\/figure><figure class='gallery-item'>\n\t\t\t<div class='gallery-icon landscape'>\n\t\t\t\t<a href='https:\/\/www.maison-piloni.com\/wp-content\/uploads\/2017\/02\/MaisonPilonoMai16-garden.jpg'><img loading=\"lazy\" decoding=\"async\" width=\"300\" height=\"200\" src=\"https:\/\/www.maison-piloni.com\/wp-content\/uploads\/2017\/02\/MaisonPilonoMai16-garden-300x200.jpg\" class=\"attachment-medium size-medium\" alt=\"\" srcset=\"https:\/\/www.maison-piloni.com\/wp-content\/uploads\/2017\/02\/MaisonPilonoMai16-garden-300x200.jpg 300w, https:\/\/www.maison-piloni.com\/wp-content\/uploads\/2017\/02\/MaisonPilonoMai16-garden-250x167.jpg 250w, https:\/\/www.maison-piloni.com\/wp-content\/uploads\/2017\/02\/MaisonPilonoMai16-garden-768x513.jpg 768w, https:\/\/www.maison-piloni.com\/wp-content\/uploads\/2017\/02\/MaisonPilonoMai16-garden.jpg 1024w\" sizes=\"auto, (max-width: 300px) 100vw, 300px\" \/><\/a>\n\t\t\t<\/div><\/figure><figure class='gallery-item'>\n\t\t\t<div class='gallery-icon portrait'>\n\t\t\t\t<a href='https:\/\/www.maison-piloni.com\/wp-content\/uploads\/2017\/02\/DSCN3008.jpg'><img loading=\"lazy\" decoding=\"async\" width=\"225\" height=\"300\" src=\"https:\/\/www.maison-piloni.com\/wp-content\/uploads\/2017\/02\/DSCN3008-225x300.jpg\" class=\"attachment-medium size-medium\" alt=\"\" srcset=\"https:\/\/www.maison-piloni.com\/wp-content\/uploads\/2017\/02\/DSCN3008-225x300.jpg 225w, https:\/\/www.maison-piloni.com\/wp-content\/uploads\/2017\/02\/DSCN3008-250x333.jpg 250w, https:\/\/www.maison-piloni.com\/wp-content\/uploads\/2017\/02\/DSCN3008.jpg 576w\" sizes=\"auto, (max-width: 225px) 100vw, 225px\" \/><\/a>\n\t\t\t<\/div><\/figure><figure class='gallery-item'>\n\t\t\t<div class='gallery-icon landscape'>\n\t\t\t\t<a href='https:\/\/www.maison-piloni.com\/wp-content\/uploads\/2017\/02\/IMG_4192.jpg'><img loading=\"lazy\" decoding=\"async\" width=\"300\" height=\"225\" src=\"https:\/\/www.maison-piloni.com\/wp-content\/uploads\/2017\/02\/IMG_4192-300x225.jpg\" class=\"attachment-medium size-medium\" alt=\"\" srcset=\"https:\/\/www.maison-piloni.com\/wp-content\/uploads\/2017\/02\/IMG_4192-300x225.jpg 300w, https:\/\/www.maison-piloni.com\/wp-content\/uploads\/2017\/02\/IMG_4192-250x188.jpg 250w, https:\/\/www.maison-piloni.com\/wp-content\/uploads\/2017\/02\/IMG_4192-768x576.jpg 768w, https:\/\/www.maison-piloni.com\/wp-content\/uploads\/2017\/02\/IMG_4192.jpg 1024w\" sizes=\"auto, (max-width: 300px) 100vw, 300px\" \/><\/a>\n\t\t\t<\/div><\/figure><figure class='gallery-item'>\n\t\t\t<div class='gallery-icon landscape'>\n\t\t\t\t<a href='https:\/\/www.maison-piloni.com\/wp-content\/uploads\/2017\/02\/DSCN2946.jpg'><img loading=\"lazy\" decoding=\"async\" width=\"300\" height=\"225\" src=\"https:\/\/www.maison-piloni.com\/wp-content\/uploads\/2017\/02\/DSCN2946-300x225.jpg\" class=\"attachment-medium size-medium\" alt=\"\" srcset=\"https:\/\/www.maison-piloni.com\/wp-content\/uploads\/2017\/02\/DSCN2946-300x225.jpg 300w, https:\/\/www.maison-piloni.com\/wp-content\/uploads\/2017\/02\/DSCN2946-250x188.jpg 250w, https:\/\/www.maison-piloni.com\/wp-content\/uploads\/2017\/02\/DSCN2946-768x576.jpg 768w, https:\/\/www.maison-piloni.com\/wp-content\/uploads\/2017\/02\/DSCN2946.jpg 1024w\" sizes=\"auto, (max-width: 300px) 100vw, 300px\" \/><\/a>\n\t\t\t<\/div><\/figure><figure class='gallery-item'>\n\t\t\t<div class='gallery-icon landscape'>\n\t\t\t\t<a href='https:\/\/www.maison-piloni.com\/wp-content\/uploads\/2017\/02\/IMG_4194.jpg'><img loading=\"lazy\" decoding=\"async\" width=\"300\" height=\"169\" src=\"https:\/\/www.maison-piloni.com\/wp-content\/uploads\/2017\/02\/IMG_4194-300x169.jpg\" class=\"attachment-medium size-medium\" alt=\"\" srcset=\"https:\/\/www.maison-piloni.com\/wp-content\/uploads\/2017\/02\/IMG_4194-300x169.jpg 300w, https:\/\/www.maison-piloni.com\/wp-content\/uploads\/2017\/02\/IMG_4194-250x141.jpg 250w, https:\/\/www.maison-piloni.com\/wp-content\/uploads\/2017\/02\/IMG_4194-768x432.jpg 768w, https:\/\/www.maison-piloni.com\/wp-content\/uploads\/2017\/02\/IMG_4194.jpg 1024w\" sizes=\"auto, (max-width: 300px) 100vw, 300px\" \/><\/a>\n\t\t\t<\/div><\/figure><figure class='gallery-item'>\n\t\t\t<div class='gallery-icon portrait'>\n\t\t\t\t<a href='https:\/\/www.maison-piloni.com\/wp-content\/uploads\/2017\/02\/IMG_4181.jpg'><img loading=\"lazy\" decoding=\"async\" width=\"168\" height=\"300\" src=\"https:\/\/www.maison-piloni.com\/wp-content\/uploads\/2017\/02\/IMG_4181-168x300.jpg\" class=\"attachment-medium size-medium\" alt=\"\" srcset=\"https:\/\/www.maison-piloni.com\/wp-content\/uploads\/2017\/02\/IMG_4181-168x300.jpg 168w, https:\/\/www.maison-piloni.com\/wp-content\/uploads\/2017\/02\/IMG_4181-250x445.jpg 250w, https:\/\/www.maison-piloni.com\/wp-content\/uploads\/2017\/02\/IMG_4181.jpg 431w\" sizes=\"auto, (max-width: 168px) 100vw, 168px\" \/><\/a>\n\t\t\t<\/div><\/figure><figure class='gallery-item'>\n\t\t\t<div class='gallery-icon landscape'>\n\t\t\t\t<a href='https:\/\/www.maison-piloni.com\/wp-content\/uploads\/2017\/02\/IMG_3683.jpg'><img loading=\"lazy\" decoding=\"async\" width=\"300\" height=\"200\" src=\"https:\/\/www.maison-piloni.com\/wp-content\/uploads\/2017\/02\/IMG_3683-300x200.jpg\" class=\"attachment-medium size-medium\" alt=\"\" srcset=\"https:\/\/www.maison-piloni.com\/wp-content\/uploads\/2017\/02\/IMG_3683-300x200.jpg 300w, https:\/\/www.maison-piloni.com\/wp-content\/uploads\/2017\/02\/IMG_3683-250x167.jpg 250w, https:\/\/www.maison-piloni.com\/wp-content\/uploads\/2017\/02\/IMG_3683-768x512.jpg 768w, https:\/\/www.maison-piloni.com\/wp-content\/uploads\/2017\/02\/IMG_3683.jpg 1024w\" sizes=\"auto, (max-width: 300px) 100vw, 300px\" \/><\/a>\n\t\t\t<\/div><\/figure><figure class='gallery-item'>\n\t\t\t<div class='gallery-icon landscape'>\n\t\t\t\t<a href='https:\/\/www.maison-piloni.com\/wp-content\/uploads\/2017\/02\/IMG_4180.jpg'><img loading=\"lazy\" decoding=\"async\" width=\"300\" height=\"225\" src=\"https:\/\/www.maison-piloni.com\/wp-content\/uploads\/2017\/02\/IMG_4180-300x225.jpg\" class=\"attachment-medium size-medium\" alt=\"\" srcset=\"https:\/\/www.maison-piloni.com\/wp-content\/uploads\/2017\/02\/IMG_4180-300x225.jpg 300w, https:\/\/www.maison-piloni.com\/wp-content\/uploads\/2017\/02\/IMG_4180-250x188.jpg 250w, https:\/\/www.maison-piloni.com\/wp-content\/uploads\/2017\/02\/IMG_4180-768x576.jpg 768w, https:\/\/www.maison-piloni.com\/wp-content\/uploads\/2017\/02\/IMG_4180.jpg 1024w\" sizes=\"auto, (max-width: 300px) 100vw, 300px\" \/><\/a>\n\t\t\t<\/div><\/figure><figure class='gallery-item'>\n\t\t\t<div class='gallery-icon landscape'>\n\t\t\t\t<a href='https:\/\/www.maison-piloni.com\/wp-content\/uploads\/2017\/02\/MaisonPilonoMai16-garden4.jpg'><img loading=\"lazy\" decoding=\"async\" width=\"300\" height=\"200\" src=\"https:\/\/www.maison-piloni.com\/wp-content\/uploads\/2017\/02\/MaisonPilonoMai16-garden4-300x200.jpg\" class=\"attachment-medium size-medium\" alt=\"\" srcset=\"https:\/\/www.maison-piloni.com\/wp-content\/uploads\/2017\/02\/MaisonPilonoMai16-garden4-300x200.jpg 300w, https:\/\/www.maison-piloni.com\/wp-content\/uploads\/2017\/02\/MaisonPilonoMai16-garden4-250x167.jpg 250w, https:\/\/www.maison-piloni.com\/wp-content\/uploads\/2017\/02\/MaisonPilonoMai16-garden4-768x513.jpg 768w, https:\/\/www.maison-piloni.com\/wp-content\/uploads\/2017\/02\/MaisonPilonoMai16-garden4.jpg 1024w\" sizes=\"auto, (max-width: 300px) 100vw, 300px\" \/><\/a>\n\t\t\t<\/div><\/figure><figure class='gallery-item'>\n\t\t\t<div class='gallery-icon landscape'>\n\t\t\t\t<a href='https:\/\/www.maison-piloni.com\/wp-content\/uploads\/2017\/02\/MaisonPilonoMai16-garden3.jpg'><img loading=\"lazy\" decoding=\"async\" width=\"300\" height=\"225\" src=\"https:\/\/www.maison-piloni.com\/wp-content\/uploads\/2017\/02\/MaisonPilonoMai16-garden3-300x225.jpg\" class=\"attachment-medium size-medium\" alt=\"\" srcset=\"https:\/\/www.maison-piloni.com\/wp-content\/uploads\/2017\/02\/MaisonPilonoMai16-garden3-300x225.jpg 300w, https:\/\/www.maison-piloni.com\/wp-content\/uploads\/2017\/02\/MaisonPilonoMai16-garden3-250x188.jpg 250w, https:\/\/www.maison-piloni.com\/wp-content\/uploads\/2017\/02\/MaisonPilonoMai16-garden3-768x576.jpg 768w, https:\/\/www.maison-piloni.com\/wp-content\/uploads\/2017\/02\/MaisonPilonoMai16-garden3.jpg 1024w\" sizes=\"auto, (max-width: 300px) 100vw, 300px\" \/><\/a>\n\t\t\t<\/div><\/figure><figure class='gallery-item'>\n\t\t\t<div class='gallery-icon landscape'>\n\t\t\t\t<a href='https:\/\/www.maison-piloni.com\/wp-content\/uploads\/2017\/02\/DSCN2914.jpg'><img loading=\"lazy\" decoding=\"async\" width=\"300\" height=\"225\" src=\"https:\/\/www.maison-piloni.com\/wp-content\/uploads\/2017\/02\/DSCN2914-300x225.jpg\" class=\"attachment-medium size-medium\" alt=\"\" srcset=\"https:\/\/www.maison-piloni.com\/wp-content\/uploads\/2017\/02\/DSCN2914-300x225.jpg 300w, https:\/\/www.maison-piloni.com\/wp-content\/uploads\/2017\/02\/DSCN2914-250x188.jpg 250w, https:\/\/www.maison-piloni.com\/wp-content\/uploads\/2017\/02\/DSCN2914-768x576.jpg 768w, https:\/\/www.maison-piloni.com\/wp-content\/uploads\/2017\/02\/DSCN2914.jpg 1024w\" sizes=\"auto, (max-width: 300px) 100vw, 300px\" \/><\/a>\n\t\t\t<\/div><\/figure>\n\t\t<\/div>\n\n","protected":false},"excerpt":{"rendered":"<p>Un romantique jardin Le jardin offre de plusieurs coins intimes et agr\u00e9ables dont vous pourrez profiter. 6 chaises longues sont \u00e0 votre disposition. Sur demande, nous vous fournissons des draps de bain pour la piscine. Nous vous remercions de ne pas utiliser les serviettes de la chambre \u00e0 l\u2019ext\u00e9rieur. La piscine La piscine mesure 10&#8230;<\/p>\n","protected":false},"author":1,"featured_media":0,"parent":1817,"menu_order":1,"comment_status":"closed","ping_status":"closed","template":"template-full-width.php","meta":{"_acf_changed":false,"footnotes":""},"class_list":["post-1821","page","type-page","status-publish","hentry"],"acf":[],"_links":{"self":[{"href":"https:\/\/www.maison-piloni.com\/fr\/wp-json\/wp\/v2\/pages\/1821\/"}],"collection":[{"href":"https:\/\/www.maison-piloni.com\/fr\/wp-json\/wp\/v2\/pages\/"}],"about":[{"href":"https:\/\/www.maison-piloni.com\/fr\/wp-json\/wp\/v2\/types\/page\/"}],"author":[{"embeddable":true,"href":"https:\/\/www.maison-piloni.com\/fr\/wp-json\/wp\/v2\/users\/1\/"}],"replies":[{"embeddable":true,"href":"https:\/\/www.maison-piloni.com\/fr\/wp-json\/wp\/v2\/comments\/?post=1821"}],"version-history":[{"count":6,"href":"https:\/\/www.maison-piloni.com\/fr\/wp-json\/wp\/v2\/pages\/1821\/revisions\/"}],"predecessor-version":[{"id":1966,"href":"https:\/\/www.maison-piloni.com\/fr\/wp-json\/wp\/v2\/pages\/1821\/revisions\/1966\/"}],"up":[{"embeddable":true,"href":"https:\/\/www.maison-piloni.com\/fr\/wp-json\/wp\/v2\/pages\/1817\/"}],"wp:attachment":[{"href":"https:\/\/www.maison-piloni.com\/fr\/wp-json\/wp\/v2\/media\/?parent=1821"}],"curies":[{"name":"wp","href":"https:\/\/api.w.org\/{rel}","templated":true}]}}