{"id":1806,"date":"2017-05-30T16:51:56","date_gmt":"2017-05-30T14:51:56","guid":{"rendered":"https:\/\/www.maison-piloni.com\/?page_id=1806"},"modified":"2019-06-06T16:32:28","modified_gmt":"2019-06-06T14:32:28","slug":"sport-et-activites-physiques","status":"publish","type":"page","link":"https:\/\/www.maison-piloni.com\/fr\/lisle-sur-la-sorgue-und-umgebung\/sport-et-activites-physiques\/","title":{"rendered":"Sport et activit\u00e9s physiques"},"content":{"rendered":"<blockquote>\n<p>Toute personne voyageant aux \u00e9toiles <br \/>\n\u00a0 a tout le monde derri\u00e8re lui. <br \/>\n <cite>Ernst Ferstl<\/cite><\/p>\n<\/blockquote>\n<p Pour ceux qui veulent un peu <strong>d\u2019activit\u00e9 physique<\/strong> en compl\u00e9ment du doux farniente, il existe de nombreuses possibilit\u00e9s dans et autour de L\u2019Isle sur la Sorgue. Le climat de la r\u00e9gion permet de faire du v\u00e9lo, de marcher ou de randonner pratiquement toute l\u2019ann\u00e9e. Les conditions sont id\u00e9ales \u00e0 la mi-saison, gr\u00e2ce \u00e0 des temp\u00e9ratures douces.<\/p>\n","protected":false},"excerpt":{"rendered":"<p>Toute personne voyageant aux \u00e9toiles \u00a0 a tout le monde derri\u00e8re lui. Ernst Ferstl<\/p>\n","protected":false},"author":1,"featured_media":1170,"parent":1320,"menu_order":2,"comment_status":"closed","ping_status":"closed","template":"template-map.php","meta":{"_acf_changed":false,"footnotes":""},"class_list":["post-1806","page","type-page","status-publish","has-post-thumbnail","hentry"],"acf":[],"_links":{"self":[{"href":"https:\/\/www.maison-piloni.com\/fr\/wp-json\/wp\/v2\/pages\/1806\/"}],"collection":[{"href":"https:\/\/www.maison-piloni.com\/fr\/wp-json\/wp\/v2\/pages\/"}],"about":[{"href":"https:\/\/www.maison-piloni.com\/fr\/wp-json\/wp\/v2\/types\/page\/"}],"author":[{"embeddable":true,"href":"https:\/\/www.maison-piloni.com\/fr\/wp-json\/wp\/v2\/users\/1\/"}],"replies":[{"embeddable":true,"href":"https:\/\/www.maison-piloni.com\/fr\/wp-json\/wp\/v2\/comments\/?post=1806"}],"version-history":[{"count":15,"href":"https:\/\/www.maison-piloni.com\/fr\/wp-json\/wp\/v2\/pages\/1806\/revisions\/"}],"predecessor-version":[{"id":2340,"href":"https:\/\/www.maison-piloni.com\/fr\/wp-json\/wp\/v2\/pages\/1806\/revisions\/2340\/"}],"up":[{"embeddable":true,"href":"https:\/\/www.maison-piloni.com\/fr\/wp-json\/wp\/v2\/pages\/1320\/"}],"wp:featuredmedia":[{"embeddable":true,"href":"https:\/\/www.maison-piloni.com\/fr\/wp-json\/wp\/v2\/media\/1170\/"}],"wp:attachment":[{"href":"https:\/\/www.maison-piloni.com\/fr\/wp-json\/wp\/v2\/media\/?parent=1806"}],"curies":[{"name":"wp","href":"https:\/\/api.w.org\/{rel}","templated":true}]}}