{"id":1794,"date":"2016-09-21T13:37:41","date_gmt":"2016-09-21T11:37:41","guid":{"rendered":"https:\/\/www.maison-piloni.com\/?page_id=1794"},"modified":"2020-10-16T15:27:32","modified_gmt":"2020-10-16T13:27:32","slug":"la-region","status":"publish","type":"page","link":"https:\/\/www.maison-piloni.com\/fr\/lisle-sur-la-sorgue-und-umgebung\/la-region\/","title":{"rendered":"La R\u00e9gion"},"content":{"rendered":"<blockquote>\n<p>La Provence dissimule ses myst\u00e8res derri\u00e8re leur \u00e9vidence.<br \/>\n<cite>Jean Giono<\/cite><\/p>\n<\/blockquote>\n","protected":false},"excerpt":{"rendered":"<p>La Provence dissimule ses myst\u00e8res derri\u00e8re leur \u00e9vidence. Jean Giono<\/p>\n","protected":false},"author":1,"featured_media":0,"parent":1320,"menu_order":1,"comment_status":"closed","ping_status":"closed","template":"template-map.php","meta":{"_acf_changed":false,"footnotes":""},"class_list":["post-1794","page","type-page","status-publish","hentry"],"acf":[],"_links":{"self":[{"href":"https:\/\/www.maison-piloni.com\/fr\/wp-json\/wp\/v2\/pages\/1794\/"}],"collection":[{"href":"https:\/\/www.maison-piloni.com\/fr\/wp-json\/wp\/v2\/pages\/"}],"about":[{"href":"https:\/\/www.maison-piloni.com\/fr\/wp-json\/wp\/v2\/types\/page\/"}],"author":[{"embeddable":true,"href":"https:\/\/www.maison-piloni.com\/fr\/wp-json\/wp\/v2\/users\/1\/"}],"replies":[{"embeddable":true,"href":"https:\/\/www.maison-piloni.com\/fr\/wp-json\/wp\/v2\/comments\/?post=1794"}],"version-history":[{"count":16,"href":"https:\/\/www.maison-piloni.com\/fr\/wp-json\/wp\/v2\/pages\/1794\/revisions\/"}],"predecessor-version":[{"id":2639,"href":"https:\/\/www.maison-piloni.com\/fr\/wp-json\/wp\/v2\/pages\/1794\/revisions\/2639\/"}],"up":[{"embeddable":true,"href":"https:\/\/www.maison-piloni.com\/fr\/wp-json\/wp\/v2\/pages\/1320\/"}],"wp:attachment":[{"href":"https:\/\/www.maison-piloni.com\/fr\/wp-json\/wp\/v2\/media\/?parent=1794"}],"curies":[{"name":"wp","href":"https:\/\/api.w.org\/{rel}","templated":true}]}}