{"id":1787,"date":"2017-05-30T15:50:08","date_gmt":"2017-05-30T13:50:08","guid":{"rendered":"https:\/\/www.maison-piloni.com\/?page_id=1787"},"modified":"2020-10-16T10:52:24","modified_gmt":"2020-10-16T08:52:24","slug":"la-ville","status":"publish","type":"page","link":"https:\/\/www.maison-piloni.com\/fr\/lisle-sur-la-sorgue-und-umgebung\/la-ville\/","title":{"rendered":"La Ville"},"content":{"rendered":"<p>Le meilleur moyen de d\u00e9couvrir la ville de l\u2019Isle-sur-la-Sorgue est de fl\u00e2ner le long de ses nombreux canaux. La multitude des roues \u00e0 aube, couvertes de mousse, rappellent qu\u2019\u00e0 une certaine \u00e9poque, la Sorgue faisait fonctionner plus de <strong>70 moulins<\/strong>. La production de bl\u00e9, <strong>d\u2019huile et de papier<\/strong> a connu un grand succ\u00e8s de m\u00eame que, plus tard, les <strong>tanneries<\/strong> et les <strong>filatures<\/strong>.<\/p>\n<p>La charmante vieille ville, avec sa coll\u00e9giale <strong>Notre-Dame-des-Anges<\/strong>, invite \u00e0 s\u2019y promener. Laissez-vous aller et go\u00fbtez aux sp\u00e9cialit\u00e9s culinaires et \u00e0 la d\u00e9licieuse cuisine locale dans l\u2019un des <strong>nombreux restaurants, caf\u00e9s et bar<\/strong>.<\/p>\n<p>De nos jours, l\u2019Isle-sur-la-Sorgue est surtout connue pour son <strong>commerce d\u2019antiquit\u00e9s et ses brocantes<\/strong>. Les anciens entrep\u00f4ts aux alentours de la gare ont \u00e9t\u00e9 investis par d\u2019innombrables boutiques et deux fois par ans, \u00e0 P\u00e2ques et \u00e0 la mi-ao\u00fbt, a lieu une <a href=\"https:\/\/foire-isle-sur-sorgue.fr\/\"><strong>foire des brocanteurs<\/strong><\/a> qui est la deuxi\u00e8me plus grande de France, apr\u00e8s celle de Paris.<\/p>\n<p>Si l\u2019Isle-sur-la-Sorgue a de nombreux attraits en elle-m\u00eame elle est aussi un excellent point de d\u00e9part pour explorer les terres proches et renomm\u00e9es de la Provence. En peu de temps, vous pouvez vous rendre \u00e0 <strong>Avignon, Gordes, Roussillon, Bonnieux, Lacoste, M\u00e9nerbes, Saint-Remy-de-Provence<\/strong> pour ne citer qu\u2019eux et m\u00eame le bord de mer peut \u00eatre rejoint en peu de temps, \u00e0 Prado-Plage <strong>Marseille<\/strong> par exemple ou encore <strong>Saintes-Maries-de-la-Mer<\/strong>.<\/p>\n<h2>Impressions<\/h2>\n<div id='gallery-1' class='gallery galleryid-1787 gallery-columns-4 gallery-size-thumbnail'><figure class='gallery-item'>\n\t\t\t<div class='gallery-icon landscape'>\n\t\t\t\t<a href='https:\/\/www.maison-piloni.com\/wp-content\/uploads\/2016\/09\/IMG_4058.jpg'><img loading=\"lazy\" decoding=\"async\" width=\"250\" height=\"188\" src=\"https:\/\/www.maison-piloni.com\/wp-content\/uploads\/2016\/09\/IMG_4058-250x188.jpg\" class=\"attachment-thumbnail size-thumbnail\" alt=\"\" srcset=\"https:\/\/www.maison-piloni.com\/wp-content\/uploads\/2016\/09\/IMG_4058-250x188.jpg 250w, https:\/\/www.maison-piloni.com\/wp-content\/uploads\/2016\/09\/IMG_4058-300x225.jpg 300w, https:\/\/www.maison-piloni.com\/wp-content\/uploads\/2016\/09\/IMG_4058-768x576.jpg 768w, https:\/\/www.maison-piloni.com\/wp-content\/uploads\/2016\/09\/IMG_4058-1024x768.jpg 1024w, https:\/\/www.maison-piloni.com\/wp-content\/uploads\/2016\/09\/IMG_4058.jpg 1280w\" sizes=\"auto, (max-width: 250px) 100vw, 250px\" \/><\/a>\n\t\t\t<\/div><\/figure><figure class='gallery-item'>\n\t\t\t<div class='gallery-icon landscape'>\n\t\t\t\t<a href='https:\/\/www.maison-piloni.com\/wp-content\/uploads\/2016\/09\/IMG_7509.jpg'><img loading=\"lazy\" decoding=\"async\" width=\"250\" height=\"188\" src=\"https:\/\/www.maison-piloni.com\/wp-content\/uploads\/2016\/09\/IMG_7509-250x188.jpg\" class=\"attachment-thumbnail size-thumbnail\" alt=\"\" srcset=\"https:\/\/www.maison-piloni.com\/wp-content\/uploads\/2016\/09\/IMG_7509-250x188.jpg 250w, https:\/\/www.maison-piloni.com\/wp-content\/uploads\/2016\/09\/IMG_7509-300x225.jpg 300w, https:\/\/www.maison-piloni.com\/wp-content\/uploads\/2016\/09\/IMG_7509-768x576.jpg 768w, https:\/\/www.maison-piloni.com\/wp-content\/uploads\/2016\/09\/IMG_7509-1024x768.jpg 1024w, https:\/\/www.maison-piloni.com\/wp-content\/uploads\/2016\/09\/IMG_7509.jpg 1280w\" sizes=\"auto, (max-width: 250px) 100vw, 250px\" \/><\/a>\n\t\t\t<\/div><\/figure><figure class='gallery-item'>\n\t\t\t<div class='gallery-icon landscape'>\n\t\t\t\t<a href='https:\/\/www.maison-piloni.com\/wp-content\/uploads\/2016\/09\/IMG_3669.jpg'><img loading=\"lazy\" decoding=\"async\" width=\"250\" height=\"188\" src=\"https:\/\/www.maison-piloni.com\/wp-content\/uploads\/2016\/09\/IMG_3669-250x188.jpg\" class=\"attachment-thumbnail size-thumbnail\" alt=\"\" srcset=\"https:\/\/www.maison-piloni.com\/wp-content\/uploads\/2016\/09\/IMG_3669-250x188.jpg 250w, https:\/\/www.maison-piloni.com\/wp-content\/uploads\/2016\/09\/IMG_3669-300x225.jpg 300w, https:\/\/www.maison-piloni.com\/wp-content\/uploads\/2016\/09\/IMG_3669-768x576.jpg 768w, https:\/\/www.maison-piloni.com\/wp-content\/uploads\/2016\/09\/IMG_3669-1024x768.jpg 1024w, https:\/\/www.maison-piloni.com\/wp-content\/uploads\/2016\/09\/IMG_3669.jpg 1280w\" sizes=\"auto, (max-width: 250px) 100vw, 250px\" \/><\/a>\n\t\t\t<\/div><\/figure><figure class='gallery-item'>\n\t\t\t<div class='gallery-icon landscape'>\n\t\t\t\t<a href='https:\/\/www.maison-piloni.com\/wp-content\/uploads\/2016\/09\/LislesurlaSorgue-6.jpg'><img loading=\"lazy\" decoding=\"async\" width=\"250\" height=\"167\" src=\"https:\/\/www.maison-piloni.com\/wp-content\/uploads\/2016\/09\/LislesurlaSorgue-6-250x167.jpg\" class=\"attachment-thumbnail size-thumbnail\" alt=\"\" srcset=\"https:\/\/www.maison-piloni.com\/wp-content\/uploads\/2016\/09\/LislesurlaSorgue-6-250x167.jpg 250w, https:\/\/www.maison-piloni.com\/wp-content\/uploads\/2016\/09\/LislesurlaSorgue-6-300x200.jpg 300w, https:\/\/www.maison-piloni.com\/wp-content\/uploads\/2016\/09\/LislesurlaSorgue-6-768x513.jpg 768w, https:\/\/www.maison-piloni.com\/wp-content\/uploads\/2016\/09\/LislesurlaSorgue-6-1024x684.jpg 1024w, https:\/\/www.maison-piloni.com\/wp-content\/uploads\/2016\/09\/LislesurlaSorgue-6.jpg 2000w\" sizes=\"auto, (max-width: 250px) 100vw, 250px\" \/><\/a>\n\t\t\t<\/div><\/figure><figure class='gallery-item'>\n\t\t\t<div class='gallery-icon landscape'>\n\t\t\t\t<a href='https:\/\/www.maison-piloni.com\/wp-content\/uploads\/2016\/09\/LaSorgue-4.jpg'><img loading=\"lazy\" decoding=\"async\" width=\"250\" height=\"188\" src=\"https:\/\/www.maison-piloni.com\/wp-content\/uploads\/2016\/09\/LaSorgue-4-250x188.jpg\" class=\"attachment-thumbnail size-thumbnail\" alt=\"\" srcset=\"https:\/\/www.maison-piloni.com\/wp-content\/uploads\/2016\/09\/LaSorgue-4-250x188.jpg 250w, https:\/\/www.maison-piloni.com\/wp-content\/uploads\/2016\/09\/LaSorgue-4-300x225.jpg 300w, https:\/\/www.maison-piloni.com\/wp-content\/uploads\/2016\/09\/LaSorgue-4-768x576.jpg 768w, https:\/\/www.maison-piloni.com\/wp-content\/uploads\/2016\/09\/LaSorgue-4-1024x768.jpg 1024w, https:\/\/www.maison-piloni.com\/wp-content\/uploads\/2016\/09\/LaSorgue-4.jpg 2000w\" sizes=\"auto, (max-width: 250px) 100vw, 250px\" \/><\/a>\n\t\t\t<\/div><\/figure><figure class='gallery-item'>\n\t\t\t<div class='gallery-icon landscape'>\n\t\t\t\t<a href='https:\/\/www.maison-piloni.com\/wp-content\/uploads\/2016\/09\/IMG_4151.jpg'><img loading=\"lazy\" decoding=\"async\" width=\"250\" height=\"69\" src=\"https:\/\/www.maison-piloni.com\/wp-content\/uploads\/2016\/09\/IMG_4151-250x69.jpg\" class=\"attachment-thumbnail size-thumbnail\" alt=\"\" srcset=\"https:\/\/www.maison-piloni.com\/wp-content\/uploads\/2016\/09\/IMG_4151-250x69.jpg 250w, https:\/\/www.maison-piloni.com\/wp-content\/uploads\/2016\/09\/IMG_4151-300x83.jpg 300w, https:\/\/www.maison-piloni.com\/wp-content\/uploads\/2016\/09\/IMG_4151-768x213.jpg 768w, https:\/\/www.maison-piloni.com\/wp-content\/uploads\/2016\/09\/IMG_4151-1024x284.jpg 1024w, https:\/\/www.maison-piloni.com\/wp-content\/uploads\/2016\/09\/IMG_4151.jpg 1280w\" sizes=\"auto, (max-width: 250px) 100vw, 250px\" \/><\/a>\n\t\t\t<\/div><\/figure><figure class='gallery-item'>\n\t\t\t<div class='gallery-icon landscape'>\n\t\t\t\t<a href='https:\/\/www.maison-piloni.com\/wp-content\/uploads\/2016\/09\/IMG_3670.jpg'><img loading=\"lazy\" decoding=\"async\" width=\"250\" height=\"188\" src=\"https:\/\/www.maison-piloni.com\/wp-content\/uploads\/2016\/09\/IMG_3670-250x188.jpg\" class=\"attachment-thumbnail size-thumbnail\" alt=\"\" srcset=\"https:\/\/www.maison-piloni.com\/wp-content\/uploads\/2016\/09\/IMG_3670-250x188.jpg 250w, https:\/\/www.maison-piloni.com\/wp-content\/uploads\/2016\/09\/IMG_3670-300x225.jpg 300w, https:\/\/www.maison-piloni.com\/wp-content\/uploads\/2016\/09\/IMG_3670-768x576.jpg 768w, https:\/\/www.maison-piloni.com\/wp-content\/uploads\/2016\/09\/IMG_3670-1024x768.jpg 1024w, https:\/\/www.maison-piloni.com\/wp-content\/uploads\/2016\/09\/IMG_3670.jpg 1280w\" sizes=\"auto, (max-width: 250px) 100vw, 250px\" \/><\/a>\n\t\t\t<\/div><\/figure><figure class='gallery-item'>\n\t\t\t<div class='gallery-icon landscape'>\n\t\t\t\t<a href='https:\/\/www.maison-piloni.com\/wp-content\/uploads\/2016\/09\/IMG_4188.jpg'><img loading=\"lazy\" decoding=\"async\" width=\"250\" height=\"188\" src=\"https:\/\/www.maison-piloni.com\/wp-content\/uploads\/2016\/09\/IMG_4188-250x188.jpg\" class=\"attachment-thumbnail size-thumbnail\" alt=\"\" srcset=\"https:\/\/www.maison-piloni.com\/wp-content\/uploads\/2016\/09\/IMG_4188-250x188.jpg 250w, https:\/\/www.maison-piloni.com\/wp-content\/uploads\/2016\/09\/IMG_4188-300x225.jpg 300w, https:\/\/www.maison-piloni.com\/wp-content\/uploads\/2016\/09\/IMG_4188-768x576.jpg 768w, https:\/\/www.maison-piloni.com\/wp-content\/uploads\/2016\/09\/IMG_4188-1024x768.jpg 1024w, https:\/\/www.maison-piloni.com\/wp-content\/uploads\/2016\/09\/IMG_4188.jpg 1280w\" sizes=\"auto, (max-width: 250px) 100vw, 250px\" \/><\/a>\n\t\t\t<\/div><\/figure><figure class='gallery-item'>\n\t\t\t<div class='gallery-icon landscape'>\n\t\t\t\t<a href='https:\/\/www.maison-piloni.com\/wp-content\/uploads\/2016\/09\/IMG_4065.jpg'><img loading=\"lazy\" decoding=\"async\" width=\"250\" height=\"188\" src=\"https:\/\/www.maison-piloni.com\/wp-content\/uploads\/2016\/09\/IMG_4065-250x188.jpg\" class=\"attachment-thumbnail size-thumbnail\" alt=\"\" srcset=\"https:\/\/www.maison-piloni.com\/wp-content\/uploads\/2016\/09\/IMG_4065-250x188.jpg 250w, https:\/\/www.maison-piloni.com\/wp-content\/uploads\/2016\/09\/IMG_4065-300x225.jpg 300w, https:\/\/www.maison-piloni.com\/wp-content\/uploads\/2016\/09\/IMG_4065-768x576.jpg 768w, https:\/\/www.maison-piloni.com\/wp-content\/uploads\/2016\/09\/IMG_4065-1024x768.jpg 1024w, https:\/\/www.maison-piloni.com\/wp-content\/uploads\/2016\/09\/IMG_4065.jpg 1280w\" sizes=\"auto, (max-width: 250px) 100vw, 250px\" \/><\/a>\n\t\t\t<\/div><\/figure><figure class='gallery-item'>\n\t\t\t<div class='gallery-icon landscape'>\n\t\t\t\t<a href='https:\/\/www.maison-piloni.com\/wp-content\/uploads\/2016\/09\/IMG_4205.jpg'><img loading=\"lazy\" decoding=\"async\" width=\"250\" height=\"250\" src=\"https:\/\/www.maison-piloni.com\/wp-content\/uploads\/2016\/09\/IMG_4205-250x250.jpg\" class=\"attachment-thumbnail size-thumbnail\" alt=\"\" srcset=\"https:\/\/www.maison-piloni.com\/wp-content\/uploads\/2016\/09\/IMG_4205-250x250.jpg 250w, https:\/\/www.maison-piloni.com\/wp-content\/uploads\/2016\/09\/IMG_4205-300x300.jpg 300w, https:\/\/www.maison-piloni.com\/wp-content\/uploads\/2016\/09\/IMG_4205-768x768.jpg 768w, https:\/\/www.maison-piloni.com\/wp-content\/uploads\/2016\/09\/IMG_4205-125x125.jpg 125w, https:\/\/www.maison-piloni.com\/wp-content\/uploads\/2016\/09\/IMG_4205.jpg 1024w\" sizes=\"auto, (max-width: 250px) 100vw, 250px\" \/><\/a>\n\t\t\t<\/div><\/figure><figure class='gallery-item'>\n\t\t\t<div class='gallery-icon landscape'>\n\t\t\t\t<a href='https:\/\/www.maison-piloni.com\/wp-content\/uploads\/2016\/09\/wood-items-712235_1920.jpg'><img loading=\"lazy\" decoding=\"async\" width=\"250\" height=\"149\" src=\"https:\/\/www.maison-piloni.com\/wp-content\/uploads\/2016\/09\/wood-items-712235_1920-250x149.jpg\" class=\"attachment-thumbnail size-thumbnail\" alt=\"\" srcset=\"https:\/\/www.maison-piloni.com\/wp-content\/uploads\/2016\/09\/wood-items-712235_1920-250x149.jpg 250w, https:\/\/www.maison-piloni.com\/wp-content\/uploads\/2016\/09\/wood-items-712235_1920-300x179.jpg 300w, https:\/\/www.maison-piloni.com\/wp-content\/uploads\/2016\/09\/wood-items-712235_1920-768x457.jpg 768w, https:\/\/www.maison-piloni.com\/wp-content\/uploads\/2016\/09\/wood-items-712235_1920-1024x610.jpg 1024w, https:\/\/www.maison-piloni.com\/wp-content\/uploads\/2016\/09\/wood-items-712235_1920.jpg 1920w\" sizes=\"auto, (max-width: 250px) 100vw, 250px\" \/><\/a>\n\t\t\t<\/div><\/figure><figure class='gallery-item'>\n\t\t\t<div class='gallery-icon landscape'>\n\t\t\t\t<a href='https:\/\/www.maison-piloni.com\/wp-content\/uploads\/2016\/09\/IMG_3926.jpg'><img loading=\"lazy\" decoding=\"async\" width=\"250\" height=\"188\" src=\"https:\/\/www.maison-piloni.com\/wp-content\/uploads\/2016\/09\/IMG_3926-250x188.jpg\" class=\"attachment-thumbnail size-thumbnail\" alt=\"\" srcset=\"https:\/\/www.maison-piloni.com\/wp-content\/uploads\/2016\/09\/IMG_3926-250x188.jpg 250w, https:\/\/www.maison-piloni.com\/wp-content\/uploads\/2016\/09\/IMG_3926-300x225.jpg 300w, https:\/\/www.maison-piloni.com\/wp-content\/uploads\/2016\/09\/IMG_3926-768x576.jpg 768w, https:\/\/www.maison-piloni.com\/wp-content\/uploads\/2016\/09\/IMG_3926-1024x768.jpg 1024w, https:\/\/www.maison-piloni.com\/wp-content\/uploads\/2016\/09\/IMG_3926.jpg 1280w\" sizes=\"auto, (max-width: 250px) 100vw, 250px\" \/><\/a>\n\t\t\t<\/div><\/figure><figure class='gallery-item'>\n\t\t\t<div class='gallery-icon landscape'>\n\t\t\t\t<a href='https:\/\/www.maison-piloni.com\/wp-content\/uploads\/2016\/09\/LislesurlaSorgue-4.jpg'><img loading=\"lazy\" decoding=\"async\" width=\"250\" height=\"188\" src=\"https:\/\/www.maison-piloni.com\/wp-content\/uploads\/2016\/09\/LislesurlaSorgue-4-250x188.jpg\" class=\"attachment-thumbnail size-thumbnail\" alt=\"\" srcset=\"https:\/\/www.maison-piloni.com\/wp-content\/uploads\/2016\/09\/LislesurlaSorgue-4-250x188.jpg 250w, https:\/\/www.maison-piloni.com\/wp-content\/uploads\/2016\/09\/LislesurlaSorgue-4-300x225.jpg 300w, https:\/\/www.maison-piloni.com\/wp-content\/uploads\/2016\/09\/LislesurlaSorgue-4-768x576.jpg 768w, https:\/\/www.maison-piloni.com\/wp-content\/uploads\/2016\/09\/LislesurlaSorgue-4-1024x768.jpg 1024w, https:\/\/www.maison-piloni.com\/wp-content\/uploads\/2016\/09\/LislesurlaSorgue-4.jpg 2000w\" sizes=\"auto, (max-width: 250px) 100vw, 250px\" \/><\/a>\n\t\t\t<\/div><\/figure><figure class='gallery-item'>\n\t\t\t<div class='gallery-icon landscape'>\n\t\t\t\t<a href='https:\/\/www.maison-piloni.com\/wp-content\/uploads\/2016\/09\/IMG_4059.jpg'><img loading=\"lazy\" decoding=\"async\" width=\"250\" height=\"188\" src=\"https:\/\/www.maison-piloni.com\/wp-content\/uploads\/2016\/09\/IMG_4059-250x188.jpg\" class=\"attachment-thumbnail size-thumbnail\" alt=\"\" srcset=\"https:\/\/www.maison-piloni.com\/wp-content\/uploads\/2016\/09\/IMG_4059-250x188.jpg 250w, https:\/\/www.maison-piloni.com\/wp-content\/uploads\/2016\/09\/IMG_4059-300x225.jpg 300w, https:\/\/www.maison-piloni.com\/wp-content\/uploads\/2016\/09\/IMG_4059-768x576.jpg 768w, https:\/\/www.maison-piloni.com\/wp-content\/uploads\/2016\/09\/IMG_4059-1024x768.jpg 1024w, https:\/\/www.maison-piloni.com\/wp-content\/uploads\/2016\/09\/IMG_4059.jpg 1280w\" sizes=\"auto, (max-width: 250px) 100vw, 250px\" \/><\/a>\n\t\t\t<\/div><\/figure><figure class='gallery-item'>\n\t\t\t<div class='gallery-icon landscape'>\n\t\t\t\t<a href='https:\/\/www.maison-piloni.com\/wp-content\/uploads\/2016\/09\/IMG_4105.jpg'><img loading=\"lazy\" decoding=\"async\" width=\"250\" height=\"188\" src=\"https:\/\/www.maison-piloni.com\/wp-content\/uploads\/2016\/09\/IMG_4105-250x188.jpg\" class=\"attachment-thumbnail size-thumbnail\" alt=\"\" srcset=\"https:\/\/www.maison-piloni.com\/wp-content\/uploads\/2016\/09\/IMG_4105-250x188.jpg 250w, https:\/\/www.maison-piloni.com\/wp-content\/uploads\/2016\/09\/IMG_4105-300x225.jpg 300w, https:\/\/www.maison-piloni.com\/wp-content\/uploads\/2016\/09\/IMG_4105-768x576.jpg 768w, https:\/\/www.maison-piloni.com\/wp-content\/uploads\/2016\/09\/IMG_4105-1024x768.jpg 1024w, https:\/\/www.maison-piloni.com\/wp-content\/uploads\/2016\/09\/IMG_4105.jpg 1280w\" sizes=\"auto, (max-width: 250px) 100vw, 250px\" \/><\/a>\n\t\t\t<\/div><\/figure><figure class='gallery-item'>\n\t\t\t<div class='gallery-icon portrait'>\n\t\t\t\t<a href='https:\/\/www.maison-piloni.com\/wp-content\/uploads\/2016\/09\/IMG_2987.jpg'><img loading=\"lazy\" decoding=\"async\" width=\"250\" height=\"333\" src=\"https:\/\/www.maison-piloni.com\/wp-content\/uploads\/2016\/09\/IMG_2987-250x333.jpg\" class=\"attachment-thumbnail size-thumbnail\" alt=\"\" srcset=\"https:\/\/www.maison-piloni.com\/wp-content\/uploads\/2016\/09\/IMG_2987-250x333.jpg 250w, https:\/\/www.maison-piloni.com\/wp-content\/uploads\/2016\/09\/IMG_2987-225x300.jpg 225w, https:\/\/www.maison-piloni.com\/wp-content\/uploads\/2016\/09\/IMG_2987.jpg 768w\" sizes=\"auto, (max-width: 250px) 100vw, 250px\" \/><\/a>\n\t\t\t<\/div><\/figure><figure class='gallery-item'>\n\t\t\t<div class='gallery-icon landscape'>\n\t\t\t\t<a href='https:\/\/www.maison-piloni.com\/wp-content\/uploads\/2016\/09\/IMG_4077.jpg'><img loading=\"lazy\" decoding=\"async\" width=\"250\" height=\"188\" src=\"https:\/\/www.maison-piloni.com\/wp-content\/uploads\/2016\/09\/IMG_4077-250x188.jpg\" class=\"attachment-thumbnail size-thumbnail\" alt=\"\" srcset=\"https:\/\/www.maison-piloni.com\/wp-content\/uploads\/2016\/09\/IMG_4077-250x188.jpg 250w, https:\/\/www.maison-piloni.com\/wp-content\/uploads\/2016\/09\/IMG_4077-300x225.jpg 300w, https:\/\/www.maison-piloni.com\/wp-content\/uploads\/2016\/09\/IMG_4077-768x576.jpg 768w, https:\/\/www.maison-piloni.com\/wp-content\/uploads\/2016\/09\/IMG_4077-1024x768.jpg 1024w, https:\/\/www.maison-piloni.com\/wp-content\/uploads\/2016\/09\/IMG_4077.jpg 1280w\" sizes=\"auto, (max-width: 250px) 100vw, 250px\" \/><\/a>\n\t\t\t<\/div><\/figure><figure class='gallery-item'>\n\t\t\t<div class='gallery-icon landscape'>\n\t\t\t\t<a href='https:\/\/www.maison-piloni.com\/wp-content\/uploads\/2016\/09\/IMG_4055.jpg'><img loading=\"lazy\" decoding=\"async\" width=\"250\" height=\"188\" src=\"https:\/\/www.maison-piloni.com\/wp-content\/uploads\/2016\/09\/IMG_4055-250x188.jpg\" class=\"attachment-thumbnail size-thumbnail\" alt=\"\" srcset=\"https:\/\/www.maison-piloni.com\/wp-content\/uploads\/2016\/09\/IMG_4055-250x188.jpg 250w, https:\/\/www.maison-piloni.com\/wp-content\/uploads\/2016\/09\/IMG_4055-300x225.jpg 300w, https:\/\/www.maison-piloni.com\/wp-content\/uploads\/2016\/09\/IMG_4055-768x576.jpg 768w, https:\/\/www.maison-piloni.com\/wp-content\/uploads\/2016\/09\/IMG_4055-1024x768.jpg 1024w, https:\/\/www.maison-piloni.com\/wp-content\/uploads\/2016\/09\/IMG_4055.jpg 1280w\" sizes=\"auto, (max-width: 250px) 100vw, 250px\" \/><\/a>\n\t\t\t<\/div><\/figure><figure class='gallery-item'>\n\t\t\t<div class='gallery-icon landscape'>\n\t\t\t\t<a href='https:\/\/www.maison-piloni.com\/wp-content\/uploads\/2016\/09\/LislesurlaSorgue-5.jpg'><img loading=\"lazy\" decoding=\"async\" width=\"250\" height=\"167\" src=\"https:\/\/www.maison-piloni.com\/wp-content\/uploads\/2016\/09\/LislesurlaSorgue-5-250x167.jpg\" class=\"attachment-thumbnail size-thumbnail\" alt=\"\" srcset=\"https:\/\/www.maison-piloni.com\/wp-content\/uploads\/2016\/09\/LislesurlaSorgue-5-250x167.jpg 250w, https:\/\/www.maison-piloni.com\/wp-content\/uploads\/2016\/09\/LislesurlaSorgue-5-300x200.jpg 300w, https:\/\/www.maison-piloni.com\/wp-content\/uploads\/2016\/09\/LislesurlaSorgue-5-768x513.jpg 768w, https:\/\/www.maison-piloni.com\/wp-content\/uploads\/2016\/09\/LislesurlaSorgue-5-1024x684.jpg 1024w, https:\/\/www.maison-piloni.com\/wp-content\/uploads\/2016\/09\/LislesurlaSorgue-5.jpg 2000w\" sizes=\"auto, (max-width: 250px) 100vw, 250px\" \/><\/a>\n\t\t\t<\/div><\/figure><figure class='gallery-item'>\n\t\t\t<div class='gallery-icon landscape'>\n\t\t\t\t<a href='https:\/\/www.maison-piloni.com\/wp-content\/uploads\/2016\/09\/LislesurlaSorgue-3.jpg'><img loading=\"lazy\" decoding=\"async\" width=\"250\" height=\"188\" src=\"https:\/\/www.maison-piloni.com\/wp-content\/uploads\/2016\/09\/LislesurlaSorgue-3-250x188.jpg\" class=\"attachment-thumbnail size-thumbnail\" alt=\"\" srcset=\"https:\/\/www.maison-piloni.com\/wp-content\/uploads\/2016\/09\/LislesurlaSorgue-3-250x188.jpg 250w, https:\/\/www.maison-piloni.com\/wp-content\/uploads\/2016\/09\/LislesurlaSorgue-3-300x225.jpg 300w, https:\/\/www.maison-piloni.com\/wp-content\/uploads\/2016\/09\/LislesurlaSorgue-3-768x576.jpg 768w, https:\/\/www.maison-piloni.com\/wp-content\/uploads\/2016\/09\/LislesurlaSorgue-3-1024x768.jpg 1024w, https:\/\/www.maison-piloni.com\/wp-content\/uploads\/2016\/09\/LislesurlaSorgue-3.jpg 2000w\" sizes=\"auto, (max-width: 250px) 100vw, 250px\" \/><\/a>\n\t\t\t<\/div><\/figure><figure class='gallery-item'>\n\t\t\t<div class='gallery-icon landscape'>\n\t\t\t\t<a href='https:\/\/www.maison-piloni.com\/wp-content\/uploads\/2016\/09\/IMG_3842.jpg'><img loading=\"lazy\" decoding=\"async\" width=\"250\" height=\"250\" src=\"https:\/\/www.maison-piloni.com\/wp-content\/uploads\/2016\/09\/IMG_3842-250x250.jpg\" class=\"attachment-thumbnail size-thumbnail\" alt=\"\" srcset=\"https:\/\/www.maison-piloni.com\/wp-content\/uploads\/2016\/09\/IMG_3842-250x250.jpg 250w, https:\/\/www.maison-piloni.com\/wp-content\/uploads\/2016\/09\/IMG_3842-300x300.jpg 300w, https:\/\/www.maison-piloni.com\/wp-content\/uploads\/2016\/09\/IMG_3842-768x768.jpg 768w, https:\/\/www.maison-piloni.com\/wp-content\/uploads\/2016\/09\/IMG_3842-125x125.jpg 125w, https:\/\/www.maison-piloni.com\/wp-content\/uploads\/2016\/09\/IMG_3842.jpg 1024w\" sizes=\"auto, (max-width: 250px) 100vw, 250px\" \/><\/a>\n\t\t\t<\/div><\/figure><figure class='gallery-item'>\n\t\t\t<div class='gallery-icon portrait'>\n\t\t\t\t<a href='https:\/\/www.maison-piloni.com\/wp-content\/uploads\/2016\/09\/IMG_4153.jpg'><img loading=\"lazy\" decoding=\"async\" width=\"250\" height=\"333\" src=\"https:\/\/www.maison-piloni.com\/wp-content\/uploads\/2016\/09\/IMG_4153-250x333.jpg\" class=\"attachment-thumbnail size-thumbnail\" alt=\"\" srcset=\"https:\/\/www.maison-piloni.com\/wp-content\/uploads\/2016\/09\/IMG_4153-250x333.jpg 250w, https:\/\/www.maison-piloni.com\/wp-content\/uploads\/2016\/09\/IMG_4153-225x300.jpg 225w, https:\/\/www.maison-piloni.com\/wp-content\/uploads\/2016\/09\/IMG_4153.jpg 768w\" sizes=\"auto, (max-width: 250px) 100vw, 250px\" \/><\/a>\n\t\t\t<\/div><\/figure>\n\t\t<\/div>\n\n","protected":false},"excerpt":{"rendered":"<p>Le meilleur moyen de d\u00e9couvrir la ville de l\u2019Isle-sur-la-Sorgue est de fl\u00e2ner le long de ses nombreux canaux. La multitude des roues \u00e0 aube, couvertes de mousse, rappellent qu\u2019\u00e0 une certaine \u00e9poque, la Sorgue faisait fonctionner plus de 70 moulins. La production de bl\u00e9, d\u2019huile et de papier a connu un grand succ\u00e8s de m\u00eame&#8230;<\/p>\n","protected":false},"author":1,"featured_media":1074,"parent":1320,"menu_order":0,"comment_status":"closed","ping_status":"closed","template":"template-sidebar-right.php","meta":{"_acf_changed":false,"footnotes":""},"class_list":["post-1787","page","type-page","status-publish","has-post-thumbnail","hentry"],"acf":[],"_links":{"self":[{"href":"https:\/\/www.maison-piloni.com\/fr\/wp-json\/wp\/v2\/pages\/1787\/"}],"collection":[{"href":"https:\/\/www.maison-piloni.com\/fr\/wp-json\/wp\/v2\/pages\/"}],"about":[{"href":"https:\/\/www.maison-piloni.com\/fr\/wp-json\/wp\/v2\/types\/page\/"}],"author":[{"embeddable":true,"href":"https:\/\/www.maison-piloni.com\/fr\/wp-json\/wp\/v2\/users\/1\/"}],"replies":[{"embeddable":true,"href":"https:\/\/www.maison-piloni.com\/fr\/wp-json\/wp\/v2\/comments\/?post=1787"}],"version-history":[{"count":13,"href":"https:\/\/www.maison-piloni.com\/fr\/wp-json\/wp\/v2\/pages\/1787\/revisions\/"}],"predecessor-version":[{"id":2575,"href":"https:\/\/www.maison-piloni.com\/fr\/wp-json\/wp\/v2\/pages\/1787\/revisions\/2575\/"}],"up":[{"embeddable":true,"href":"https:\/\/www.maison-piloni.com\/fr\/wp-json\/wp\/v2\/pages\/1320\/"}],"wp:featuredmedia":[{"embeddable":true,"href":"https:\/\/www.maison-piloni.com\/fr\/wp-json\/wp\/v2\/media\/1074\/"}],"wp:attachment":[{"href":"https:\/\/www.maison-piloni.com\/fr\/wp-json\/wp\/v2\/media\/?parent=1787"}],"curies":[{"name":"wp","href":"https:\/\/api.w.org\/{rel}","templated":true}]}}