{"id":1771,"date":"2017-05-30T14:51:06","date_gmt":"2017-05-30T12:51:06","guid":{"rendered":"https:\/\/www.maison-piloni.com\/?page_id=1771"},"modified":"2023-08-08T12:05:56","modified_gmt":"2023-08-08T10:05:56","slug":"gite-la-trouvaille","status":"publish","type":"page","link":"https:\/\/www.maison-piloni.com\/fr\/chambres\/gite-la-trouvaille\/","title":{"rendered":"G\u00eete \u00abLa Trouvaille\u00bb"},"content":{"rendered":"<p>\u00ab La Trouvaille \u00bb est un studio style loft situ\u00e9 au fonds du jardin et peut accommoder<strong> 2 \u00e0 4 personnes <\/strong>. Gr\u00e2ce \u00e0 ses <strong>grandes fen\u00eatres<\/strong> \u00ab La Trouvaille \u00bb est merveilleusement lumineuse \u2013 une trouvaille !<\/p>\n<h3>Equipements<\/h3>\n<div class=\"row okList\">\n<div class=\"large-6 medium-6 columns\"><i class=\"fa fa-check-circle-o\"><\/i> Adapt\u00e9e pour 2 adultes et 2 enfants ou 3 adults max.<br \/>\n<i class=\"fa fa-check-circle-o\"><\/i> Taille 40m<sup>2 <\/sup>, une grande salle<br \/>\n<i class=\"fa fa-check-circle-o\"><\/i> Salle de bains avec douche et toilettes<br \/>\n<i class=\"fa fa-check-circle-o\"><\/i> Lit double (kingsize)<br \/>\n<i class=\"fa fa-check-circle-o\"><\/i> Canap\u00e9-lit gigogne<\/div>\n<div class=\"large-6 medium-6 columns\"><i class=\"fa fa-check-circle-o\"><\/i> Cuisine <br \/>\n<i class=\"fa fa-check-circle-o\"><\/i> Frigo<br \/>\n<i class=\"fa fa-check-circle-o\"><\/i> Cuisini\u00e8re avec 2 plaques, pas de four <br \/>\n<i class=\"fa fa-check-circle-o\"><\/i> <a href=\"https:\/\/www.maison-piloni.com\/fr\/information\/petit-dejeuner\/\">Petit-d\u00e9jeuner<\/a> dans la Maison Piloni ou auto suffisance<br \/>\n<i class=\"fa fa-check-circle-o\"><\/i> WiFi<\/div>\n<\/div>\n<hr \/>\n<h3>Tarifs<\/h3>\n<table style=\"width: 100%;\">\n<thead>\n<tr>\n<td style=\"text-align: center;\">Avec <a href=\"https:\/\/www.maison-piloni.com\/fr\/information\/petit-dejeuner\/\">petit d\u00e9jeuner<\/a> \/ nuit<\/td>\n<td style=\"height: 24px; text-align: center;\">\u00a0Sans petit d\u00e9jeuner \/ nuit<\/td>\n<\/tr>\n<\/thead>\n<tbody>\n<tr>\n<td style=\"height: 24px; text-align: center;\">2 personnes<strong>\u00a0 \u20ac 160<\/strong><\/td>\n<td style=\"height: 24px; text-align: center;\">2 personnes\u00a0<strong> \u20ac 130<\/strong><\/td>\n<\/tr>\n<tr>\n<td style=\"height: 24px; text-align: center;\">chaque personne suppl\u00e9mentaire <strong>+ \u20ac 30<\/strong><\/td>\n<td style=\"height: 24px; text-align: center;\">chaque personne suppl\u00e9mentaire\u00a0<strong>+\u00a0 \u20ac 15<\/strong><\/td>\n<\/tr>\n<tr>\n<td style=\"height: 24px; text-align: center;\">Si vous occupez la chambre seul vous b\u00e9n\u00e9ficiez d\u2019une r\u00e9duction <strong> \u2013 \u20ac 20<\/strong><\/td>\n<td style=\"height: 24px; text-align: center;\">Si vous occupez la chambre seul vous b\u00e9n\u00e9ficiez d\u2019une r\u00e9duction \u00a0<strong>\u2013 \u20ac 20<\/strong><\/td>\n<\/tr>\n<tr style=\"height: 24px;\">\n<td style=\"height: 24px; text-align: right;\" colspan=\"2\">\u00a0Nous vous proposons des r\u00e9ductions pour tout s\u00e9jour de plus de 6 nuits.<\/td>\n<\/tr>\n<tr style=\"height: 24px;\">\n<td style=\"height: 24px; text-align: right;\" colspan=\"2\"><strong>Seulement mai-septembre |\u00a0P\u00e9riode de location minimale: 3 nuits<\/strong><\/td>\n<\/tr>\n<\/tbody>\n<\/table>\n<p><strong><a class=\"button\" href=\"https:\/\/www.maison-piloni.com\/fr\/chambres\/reservation\/?source=dependance\"><i class=\"fa fa-bed\"><\/i> Demande de r\u00e9servation <\/a><\/strong><\/p>\n<div class=\"box\">\n<div id='gallery-1' class='gallery galleryid-1771 gallery-columns-3 gallery-size-medium'><figure class='gallery-item'>\n\t\t\t<div class='gallery-icon landscape'>\n\t\t\t\t<a href='https:\/\/www.maison-piloni.com\/fr\/chambres\/gite-la-trouvaille\/photo-7-2\/'><img loading=\"lazy\" decoding=\"async\" width=\"300\" height=\"200\" src=\"https:\/\/www.maison-piloni.com\/wp-content\/uploads\/2020\/09\/photo-7-300x200.jpg\" class=\"attachment-medium size-medium\" alt=\"\" srcset=\"https:\/\/www.maison-piloni.com\/wp-content\/uploads\/2020\/09\/photo-7-300x200.jpg 300w, https:\/\/www.maison-piloni.com\/wp-content\/uploads\/2020\/09\/photo-7-1024x682.jpg 1024w, https:\/\/www.maison-piloni.com\/wp-content\/uploads\/2020\/09\/photo-7-250x167.jpg 250w, https:\/\/www.maison-piloni.com\/wp-content\/uploads\/2020\/09\/photo-7-768x512.jpg 768w, https:\/\/www.maison-piloni.com\/wp-content\/uploads\/2020\/09\/photo-7.jpg 1280w\" sizes=\"auto, (max-width: 300px) 100vw, 300px\" \/><\/a>\n\t\t\t<\/div><\/figure><figure class='gallery-item'>\n\t\t\t<div class='gallery-icon landscape'>\n\t\t\t\t<a href='https:\/\/www.maison-piloni.com\/fr\/photo-5-2\/'><img loading=\"lazy\" decoding=\"async\" width=\"300\" height=\"200\" src=\"https:\/\/www.maison-piloni.com\/wp-content\/uploads\/2020\/09\/photo-5-300x200.jpg\" class=\"attachment-medium size-medium\" alt=\"\" srcset=\"https:\/\/www.maison-piloni.com\/wp-content\/uploads\/2020\/09\/photo-5-300x200.jpg 300w, https:\/\/www.maison-piloni.com\/wp-content\/uploads\/2020\/09\/photo-5-1024x682.jpg 1024w, https:\/\/www.maison-piloni.com\/wp-content\/uploads\/2020\/09\/photo-5-250x167.jpg 250w, https:\/\/www.maison-piloni.com\/wp-content\/uploads\/2020\/09\/photo-5-768x512.jpg 768w, https:\/\/www.maison-piloni.com\/wp-content\/uploads\/2020\/09\/photo-5.jpg 1280w\" sizes=\"auto, (max-width: 300px) 100vw, 300px\" \/><\/a>\n\t\t\t<\/div><\/figure><figure class='gallery-item'>\n\t\t\t<div class='gallery-icon landscape'>\n\t\t\t\t<a href='https:\/\/www.maison-piloni.com\/fr\/chambres\/gite-la-trouvaille\/photo-2-2\/'><img loading=\"lazy\" decoding=\"async\" width=\"300\" height=\"200\" src=\"https:\/\/www.maison-piloni.com\/wp-content\/uploads\/2020\/09\/photo-2-300x200.jpg\" class=\"attachment-medium size-medium\" alt=\"\" srcset=\"https:\/\/www.maison-piloni.com\/wp-content\/uploads\/2020\/09\/photo-2-300x200.jpg 300w, https:\/\/www.maison-piloni.com\/wp-content\/uploads\/2020\/09\/photo-2-1024x682.jpg 1024w, https:\/\/www.maison-piloni.com\/wp-content\/uploads\/2020\/09\/photo-2-250x167.jpg 250w, https:\/\/www.maison-piloni.com\/wp-content\/uploads\/2020\/09\/photo-2-768x512.jpg 768w, https:\/\/www.maison-piloni.com\/wp-content\/uploads\/2020\/09\/photo-2.jpg 1280w\" sizes=\"auto, (max-width: 300px) 100vw, 300px\" \/><\/a>\n\t\t\t<\/div><\/figure><figure class='gallery-item'>\n\t\t\t<div class='gallery-icon landscape'>\n\t\t\t\t<a href='https:\/\/www.maison-piloni.com\/fr\/photo-3-2\/'><img loading=\"lazy\" decoding=\"async\" width=\"300\" height=\"200\" src=\"https:\/\/www.maison-piloni.com\/wp-content\/uploads\/2020\/09\/photo-3-300x200.jpg\" class=\"attachment-medium size-medium\" alt=\"\" srcset=\"https:\/\/www.maison-piloni.com\/wp-content\/uploads\/2020\/09\/photo-3-300x200.jpg 300w, https:\/\/www.maison-piloni.com\/wp-content\/uploads\/2020\/09\/photo-3-1024x682.jpg 1024w, https:\/\/www.maison-piloni.com\/wp-content\/uploads\/2020\/09\/photo-3-250x167.jpg 250w, https:\/\/www.maison-piloni.com\/wp-content\/uploads\/2020\/09\/photo-3-768x512.jpg 768w, https:\/\/www.maison-piloni.com\/wp-content\/uploads\/2020\/09\/photo-3.jpg 1280w\" sizes=\"auto, (max-width: 300px) 100vw, 300px\" \/><\/a>\n\t\t\t<\/div><\/figure><figure class='gallery-item'>\n\t\t\t<div class='gallery-icon landscape'>\n\t\t\t\t<a href='https:\/\/www.maison-piloni.com\/fr\/chambres\/gite-la-trouvaille\/photo-1-2\/'><img loading=\"lazy\" decoding=\"async\" width=\"300\" height=\"200\" src=\"https:\/\/www.maison-piloni.com\/wp-content\/uploads\/2020\/09\/photo-1-300x200.jpg\" class=\"attachment-medium size-medium\" alt=\"\" srcset=\"https:\/\/www.maison-piloni.com\/wp-content\/uploads\/2020\/09\/photo-1-300x200.jpg 300w, https:\/\/www.maison-piloni.com\/wp-content\/uploads\/2020\/09\/photo-1-1024x682.jpg 1024w, https:\/\/www.maison-piloni.com\/wp-content\/uploads\/2020\/09\/photo-1-250x167.jpg 250w, https:\/\/www.maison-piloni.com\/wp-content\/uploads\/2020\/09\/photo-1-768x512.jpg 768w, https:\/\/www.maison-piloni.com\/wp-content\/uploads\/2020\/09\/photo-1.jpg 1280w\" sizes=\"auto, (max-width: 300px) 100vw, 300px\" \/><\/a>\n\t\t\t<\/div><\/figure><figure class='gallery-item'>\n\t\t\t<div class='gallery-icon landscape'>\n\t\t\t\t<a href='https:\/\/www.maison-piloni.com\/fr\/chambres\/gite-la-trouvaille\/photo-6-2\/'><img loading=\"lazy\" decoding=\"async\" width=\"300\" height=\"200\" src=\"https:\/\/www.maison-piloni.com\/wp-content\/uploads\/2020\/09\/photo-6-300x200.jpg\" class=\"attachment-medium size-medium\" alt=\"\" srcset=\"https:\/\/www.maison-piloni.com\/wp-content\/uploads\/2020\/09\/photo-6-300x200.jpg 300w, https:\/\/www.maison-piloni.com\/wp-content\/uploads\/2020\/09\/photo-6-1024x682.jpg 1024w, https:\/\/www.maison-piloni.com\/wp-content\/uploads\/2020\/09\/photo-6-250x167.jpg 250w, https:\/\/www.maison-piloni.com\/wp-content\/uploads\/2020\/09\/photo-6-768x512.jpg 768w, https:\/\/www.maison-piloni.com\/wp-content\/uploads\/2020\/09\/photo-6.jpg 1280w\" sizes=\"auto, (max-width: 300px) 100vw, 300px\" \/><\/a>\n\t\t\t<\/div><\/figure><figure class='gallery-item'>\n\t\t\t<div class='gallery-icon landscape'>\n\t\t\t\t<a href='https:\/\/www.maison-piloni.com\/fr\/chambres\/gite-la-trouvaille\/photo-4-2\/'><img loading=\"lazy\" decoding=\"async\" width=\"300\" height=\"200\" src=\"https:\/\/www.maison-piloni.com\/wp-content\/uploads\/2020\/09\/photo-4-300x200.jpg\" class=\"attachment-medium size-medium\" alt=\"\" srcset=\"https:\/\/www.maison-piloni.com\/wp-content\/uploads\/2020\/09\/photo-4-300x200.jpg 300w, https:\/\/www.maison-piloni.com\/wp-content\/uploads\/2020\/09\/photo-4-1024x682.jpg 1024w, https:\/\/www.maison-piloni.com\/wp-content\/uploads\/2020\/09\/photo-4-250x167.jpg 250w, https:\/\/www.maison-piloni.com\/wp-content\/uploads\/2020\/09\/photo-4-768x512.jpg 768w, https:\/\/www.maison-piloni.com\/wp-content\/uploads\/2020\/09\/photo-4.jpg 1280w\" sizes=\"auto, (max-width: 300px) 100vw, 300px\" \/><\/a>\n\t\t\t<\/div><\/figure>\n\t\t<\/div>\n\n<\/div>\n","protected":false},"excerpt":{"rendered":"<p>\u00ab La Trouvaille \u00bb est un studio style loft situ\u00e9 au fonds du jardin et peut accommoder 2 \u00e0 4 personnes . Gr\u00e2ce \u00e0 ses grandes fen\u00eatres \u00ab La Trouvaille \u00bb est merveilleusement lumineuse \u2013 une trouvaille ! Equipements Adapt\u00e9e pour 2 adultes et 2 enfants ou 3 adults max. Taille 40m2 , une grande&#8230;<\/p>\n","protected":false},"author":1,"featured_media":0,"parent":1715,"menu_order":5,"comment_status":"closed","ping_status":"closed","template":"template-sidebar-bottom.php","meta":{"_acf_changed":false,"footnotes":""},"class_list":["post-1771","page","type-page","status-publish","hentry"],"acf":[],"_links":{"self":[{"href":"https:\/\/www.maison-piloni.com\/fr\/wp-json\/wp\/v2\/pages\/1771\/"}],"collection":[{"href":"https:\/\/www.maison-piloni.com\/fr\/wp-json\/wp\/v2\/pages\/"}],"about":[{"href":"https:\/\/www.maison-piloni.com\/fr\/wp-json\/wp\/v2\/types\/page\/"}],"author":[{"embeddable":true,"href":"https:\/\/www.maison-piloni.com\/fr\/wp-json\/wp\/v2\/users\/1\/"}],"replies":[{"embeddable":true,"href":"https:\/\/www.maison-piloni.com\/fr\/wp-json\/wp\/v2\/comments\/?post=1771"}],"version-history":[{"count":25,"href":"https:\/\/www.maison-piloni.com\/fr\/wp-json\/wp\/v2\/pages\/1771\/revisions\/"}],"predecessor-version":[{"id":3914,"href":"https:\/\/www.maison-piloni.com\/fr\/wp-json\/wp\/v2\/pages\/1771\/revisions\/3914\/"}],"up":[{"embeddable":true,"href":"https:\/\/www.maison-piloni.com\/fr\/wp-json\/wp\/v2\/pages\/1715\/"}],"wp:attachment":[{"href":"https:\/\/www.maison-piloni.com\/fr\/wp-json\/wp\/v2\/media\/?parent=1771"}],"curies":[{"name":"wp","href":"https:\/\/api.w.org\/{rel}","templated":true}]}}