{"id":1766,"date":"2017-05-30T14:12:54","date_gmt":"2017-05-30T12:12:54","guid":{"rendered":"https:\/\/www.maison-piloni.com\/?page_id=1766"},"modified":"2024-05-24T14:26:59","modified_gmt":"2024-05-24T12:26:59","slug":"reservation","status":"publish","type":"page","link":"https:\/\/www.maison-piloni.com\/fr\/chambres\/reservation\/","title":{"rendered":"R\u00e9servation"},"content":{"rendered":"<p><script>\ngform.addFilter( 'gform_datepicker_options_pre_init', function( optionsObj, formId, fieldId ) {\n    if ( formId == 7 && fieldId == 1 ) {\n        optionsObj.minDate = 0;\n        optionsObj.onClose = function (dateText, inst) {\n             jQuery('#input_7_2').datepicker('option', 'minDate', dateText).datepicker('setDate', dateText);\n        };\n    }\n    return optionsObj;\n});\n<\/script><\/p>\n<h2>Nous vous remercions de votre int\u00e9r\u00eat. Malheureusement, nous ne pouvons pas accepter de demandes de r\u00e9servation pour le moment.<\/h2>\n<p><!--[gravityform id=\"7\" title=\"false\" description=\"true\"]--><\/p>\n","protected":false},"excerpt":{"rendered":"<p>Nous vous remercions de votre int\u00e9r\u00eat. Malheureusement, nous ne pouvons pas accepter de demandes de r\u00e9servation pour le moment.<\/p>\n","protected":false},"author":1,"featured_media":0,"parent":1715,"menu_order":6,"comment_status":"closed","ping_status":"closed","template":"template-full-width.php","meta":{"_acf_changed":false,"footnotes":""},"class_list":["post-1766","page","type-page","status-publish","hentry"],"acf":[],"_links":{"self":[{"href":"https:\/\/www.maison-piloni.com\/fr\/wp-json\/wp\/v2\/pages\/1766\/"}],"collection":[{"href":"https:\/\/www.maison-piloni.com\/fr\/wp-json\/wp\/v2\/pages\/"}],"about":[{"href":"https:\/\/www.maison-piloni.com\/fr\/wp-json\/wp\/v2\/types\/page\/"}],"author":[{"embeddable":true,"href":"https:\/\/www.maison-piloni.com\/fr\/wp-json\/wp\/v2\/users\/1\/"}],"replies":[{"embeddable":true,"href":"https:\/\/www.maison-piloni.com\/fr\/wp-json\/wp\/v2\/comments\/?post=1766"}],"version-history":[{"count":6,"href":"https:\/\/www.maison-piloni.com\/fr\/wp-json\/wp\/v2\/pages\/1766\/revisions\/"}],"predecessor-version":[{"id":3946,"href":"https:\/\/www.maison-piloni.com\/fr\/wp-json\/wp\/v2\/pages\/1766\/revisions\/3946\/"}],"up":[{"embeddable":true,"href":"https:\/\/www.maison-piloni.com\/fr\/wp-json\/wp\/v2\/pages\/1715\/"}],"wp:attachment":[{"href":"https:\/\/www.maison-piloni.com\/fr\/wp-json\/wp\/v2\/media\/?parent=1766"}],"curies":[{"name":"wp","href":"https:\/\/api.w.org\/{rel}","templated":true}]}}