{"id":1759,"date":"2017-05-30T14:04:24","date_gmt":"2017-05-30T12:04:24","guid":{"rendered":"https:\/\/www.maison-piloni.com\/?page_id=1759"},"modified":"2020-10-16T15:09:40","modified_gmt":"2020-10-16T13:09:40","slug":"chambre-rosalyn","status":"publish","type":"page","link":"https:\/\/www.maison-piloni.com\/fr\/chambres\/chambre-rosalyn\/","title":{"rendered":"Chambre \u00ab Rosalyn \u00bb"},"content":{"rendered":"<p>La chambre\u00a0\u00ab Rosalyn \u00bb se trouve au 1er \u00e9tage avec vue sur le jardin.<br \/>\nElle est \u00e9quip\u00e9e d\u2019un lit double et d\u2019une salle de bain.<\/p>\n<h3>Equipements<\/h3>\n<div class=\"row okList\">\n<div class=\"large-4 medium-4 columns\"><i class=\"fa fa-check-circle-o\"><\/i> Adapt\u00e9e pour 2 personnes<br \/>\n<i class=\"fa fa-check-circle-o\"><\/i> Salle de douche priv\u00e9e <strong>\u00e0 c\u00f4t\u00e9<\/strong> de la chambre<br \/>\n<i class=\"fa fa-check-circle-o\"><\/i> Lit double<\/div>\n<div class=\"large-4 medium-4 columns\"><i class=\"fa fa-check-circle-o\"><\/i> Serviettes<br \/>\n<i class=\"fa fa-check-circle-o\"><\/i> S\u00e9choir<br \/>\n<i class=\"fa fa-check-circle-o\"><\/i> Douche<br \/>\n<i class=\"fa fa-check-circle-o\"><\/i> Savon<\/div>\n<div class=\"large-4 medium-4 columns\"><i class=\"fa fa-check-circle-o\"><\/i> chauff\u00e9<br \/>\n<i class=\"fa fa-check-circle-o\"><\/i> Ventilateur<br \/>\n<i class=\"fa fa-check-circle-o\"><\/i> verrouillable<\/div>\n<\/div>\n<hr \/>\n<h3>Tarifs<\/h3>\n<table style=\"width: 100%;\">\n<thead>\n<tr>\n<td style=\"height: 24px; text-align: center;\">Basse saison<\/td>\n<td style=\"height: 24px; text-align: center;\">\u00a0Haute saison<\/td>\n<td style=\"height: 24px; text-align: center;\">\u00a0Pleine saison<\/td>\n<\/tr>\n<\/thead>\n<tbody>\n<tr>\n<td style=\"height: 24px; text-align: center;\">\u00a0(Octobre)<\/td>\n<td style=\"height: 24px; text-align: center;\">\u00a0(Avril-Juin \/ Septembre)<\/td>\n<td style=\"height: 24px; text-align: center;\">\u00a0(Juillet-Ao\u00fbt)<\/td>\n<\/tr>\n<tr>\n<td style=\"height: 24px; text-align: center;\"><strong>\u00a0 \u20ac 100<\/strong><\/td>\n<td style=\"height: 24px; text-align: center;\"><strong>\u00a0 \u20ac 120<\/strong><\/td>\n<td style=\"height: 24px; text-align: center;\"><strong>\u00a0 \u20ac 130<\/strong><\/td>\n<\/tr>\n<tr>\n<td style=\"text-align: right; height: 48.4375px;\" colspan=\"3\">Les tarifs indiqu\u00e9s sont pour une nuit, <a href=\"https:\/\/www.maison-piloni.com\/fr\/information\/petit-dejeuner\/\">petit d\u00e9jeuner<\/a> inclus.<br \/>\nPour des lits d\u2019appoint le prix de la chambre augmente de 20 \u20ac par nuit. Si vous occupez la chambre seul vous b\u00e9n\u00e9ficiez d\u2019une r\u00e9duction de 20\u20ac par nuit.<\/td>\n<\/tr>\n<tr style=\"height: 24px;\">\n<td style=\"height: 24px; text-align: right;\" colspan=\"3\">\u00a0Nous vous proposons des r\u00e9ductions pour tout s\u00e9jour de plus de 6 nuits.<\/td>\n<\/tr>\n<\/tbody>\n<\/table>\n<p><strong><a class=\"button\" href=\"https:\/\/www.maison-piloni.com\/fr\/chambres\/reservation\/?source=Roselyn\"><i class=\"fa fa-bed\"><\/i> Demande de r\u00e9servation <\/a><\/strong><\/p>\n<div class=\"box\">\n<div id='gallery-1' class='gallery galleryid-1759 gallery-columns-3 gallery-size-medium'><figure class='gallery-item'>\n\t\t\t<div class='gallery-icon portrait'>\n\t\t\t\t<a href='https:\/\/www.maison-piloni.com\/wp-content\/uploads\/2016\/09\/DSC_0653.jpg'><img loading=\"lazy\" decoding=\"async\" width=\"169\" height=\"300\" src=\"https:\/\/www.maison-piloni.com\/wp-content\/uploads\/2016\/09\/DSC_0653-169x300.jpg\" class=\"attachment-medium size-medium\" alt=\"\" srcset=\"https:\/\/www.maison-piloni.com\/wp-content\/uploads\/2016\/09\/DSC_0653-169x300.jpg 169w, https:\/\/www.maison-piloni.com\/wp-content\/uploads\/2016\/09\/DSC_0653-250x444.jpg 250w, https:\/\/www.maison-piloni.com\/wp-content\/uploads\/2016\/09\/DSC_0653.jpg 432w\" sizes=\"auto, (max-width: 169px) 100vw, 169px\" \/><\/a>\n\t\t\t<\/div><\/figure><figure class='gallery-item'>\n\t\t\t<div class='gallery-icon portrait'>\n\t\t\t\t<a href='https:\/\/www.maison-piloni.com\/wp-content\/uploads\/2016\/09\/DSCN2997.jpg'><img loading=\"lazy\" decoding=\"async\" width=\"225\" height=\"300\" src=\"https:\/\/www.maison-piloni.com\/wp-content\/uploads\/2016\/09\/DSCN2997-225x300.jpg\" class=\"attachment-medium size-medium\" alt=\"\" srcset=\"https:\/\/www.maison-piloni.com\/wp-content\/uploads\/2016\/09\/DSCN2997-225x300.jpg 225w, https:\/\/www.maison-piloni.com\/wp-content\/uploads\/2016\/09\/DSCN2997-250x333.jpg 250w, https:\/\/www.maison-piloni.com\/wp-content\/uploads\/2016\/09\/DSCN2997.jpg 576w\" sizes=\"auto, (max-width: 225px) 100vw, 225px\" \/><\/a>\n\t\t\t<\/div><\/figure><figure class='gallery-item'>\n\t\t\t<div class='gallery-icon portrait'>\n\t\t\t\t<a href='https:\/\/www.maison-piloni.com\/wp-content\/uploads\/2016\/09\/DSC_0656.jpg'><img loading=\"lazy\" decoding=\"async\" width=\"169\" height=\"300\" src=\"https:\/\/www.maison-piloni.com\/wp-content\/uploads\/2016\/09\/DSC_0656-169x300.jpg\" class=\"attachment-medium size-medium\" alt=\"\" srcset=\"https:\/\/www.maison-piloni.com\/wp-content\/uploads\/2016\/09\/DSC_0656-169x300.jpg 169w, https:\/\/www.maison-piloni.com\/wp-content\/uploads\/2016\/09\/DSC_0656-250x444.jpg 250w, https:\/\/www.maison-piloni.com\/wp-content\/uploads\/2016\/09\/DSC_0656.jpg 432w\" sizes=\"auto, (max-width: 169px) 100vw, 169px\" \/><\/a>\n\t\t\t<\/div><\/figure>\n\t\t<\/div>\n\n<\/div>\n","protected":false},"excerpt":{"rendered":"<p>La chambre\u00a0\u00ab Rosalyn \u00bb se trouve au 1er \u00e9tage avec vue sur le jardin. Elle est \u00e9quip\u00e9e d\u2019un lit double et d\u2019une salle de bain. Equipements Adapt\u00e9e pour 2 personnes Salle de douche priv\u00e9e \u00e0 c\u00f4t\u00e9 de la chambre Lit double Serviettes S\u00e9choir Douche Savon chauff\u00e9 Ventilateur verrouillable Tarifs Basse saison \u00a0Haute saison \u00a0Pleine saison&#8230;<\/p>\n","protected":false},"author":1,"featured_media":0,"parent":1715,"menu_order":4,"comment_status":"closed","ping_status":"closed","template":"template-sidebar-bottom.php","meta":{"_acf_changed":false,"footnotes":""},"class_list":["post-1759","page","type-page","status-publish","hentry"],"acf":[],"_links":{"self":[{"href":"https:\/\/www.maison-piloni.com\/fr\/wp-json\/wp\/v2\/pages\/1759\/"}],"collection":[{"href":"https:\/\/www.maison-piloni.com\/fr\/wp-json\/wp\/v2\/pages\/"}],"about":[{"href":"https:\/\/www.maison-piloni.com\/fr\/wp-json\/wp\/v2\/types\/page\/"}],"author":[{"embeddable":true,"href":"https:\/\/www.maison-piloni.com\/fr\/wp-json\/wp\/v2\/users\/1\/"}],"replies":[{"embeddable":true,"href":"https:\/\/www.maison-piloni.com\/fr\/wp-json\/wp\/v2\/comments\/?post=1759"}],"version-history":[{"count":15,"href":"https:\/\/www.maison-piloni.com\/fr\/wp-json\/wp\/v2\/pages\/1759\/revisions\/"}],"predecessor-version":[{"id":2629,"href":"https:\/\/www.maison-piloni.com\/fr\/wp-json\/wp\/v2\/pages\/1759\/revisions\/2629\/"}],"up":[{"embeddable":true,"href":"https:\/\/www.maison-piloni.com\/fr\/wp-json\/wp\/v2\/pages\/1715\/"}],"wp:attachment":[{"href":"https:\/\/www.maison-piloni.com\/fr\/wp-json\/wp\/v2\/media\/?parent=1759"}],"curies":[{"name":"wp","href":"https:\/\/api.w.org\/{rel}","templated":true}]}}