{"id":1754,"date":"2017-05-30T13:51:19","date_gmt":"2017-05-30T11:51:19","guid":{"rendered":"https:\/\/www.maison-piloni.com\/?page_id=1754"},"modified":"2020-10-16T15:11:35","modified_gmt":"2020-10-16T13:11:35","slug":"chambre-malala","status":"publish","type":"page","link":"https:\/\/www.maison-piloni.com\/fr\/chambres\/chambre-malala\/","title":{"rendered":"Chambre \u00ab Malala \u00bb"},"content":{"rendered":"<p>La chambre \u00ab Malala \u00bb se situe au 1er \u00e9tage de la maison. Elle comprend un lit double et une salle de bain. La fen\u00eatre donne sur le jardin<\/p>\n<h3>Equipements<\/h3>\n<div class=\"row okList\">\n<div class=\"large-4 medium-4 columns\"><i class=\"fa fa-check-circle-o\"><\/i> Adapt\u00e9e pour 2 personnes<br \/>\n<i class=\"fa fa-check-circle-o\"><\/i> Salle de douche tout \u00e9quip\u00e9e<br \/>\n<i class=\"fa fa-check-circle-o\"><\/i> Lit double \u00ab\u00a0queensize\u00a0\u00bb<br \/>\n<i class=\"fa fa-check-circle-o\"><\/i> Serviettes<\/div>\n<div class=\"large-4 medium-4 columns\"><i class=\"fa fa-check-circle-o\"><\/i> S\u00e9choir<br \/>\n<i class=\"fa fa-check-circle-o\"><\/i> Douche<br \/>\n<i class=\"fa fa-check-circle-o\"><\/i> Savon<\/div>\n<div class=\"large-4 medium-4 columns\"><i class=\"fa fa-check-circle-o\"><\/i> chauff\u00e9<br \/>\n<i class=\"fa fa-check-circle-o\"><\/i> Ventilateur<br \/>\n<i class=\"fa fa-check-circle-o\"><\/i> verrouillable<\/div>\n<\/div>\n<hr \/>\n<h3>Tarifs<\/h3>\n<table style=\"width: 100%;\">\n<thead>\n<tr>\n<td style=\"height: 24px; text-align: center;\">Basse saison<\/td>\n<td style=\"height: 24px; text-align: center;\">\u00a0Haute saison<\/td>\n<td style=\"height: 24px; text-align: center;\">\u00a0Pleine saison<\/td>\n<\/tr>\n<\/thead>\n<tbody>\n<tr>\n<td style=\"height: 24px; text-align: center;\">\u00a0(Octobre)<\/td>\n<td style=\"height: 24px; text-align: center;\">\u00a0(Avril-Juin \/ Septembre)<\/td>\n<td style=\"height: 24px; text-align: center;\">\u00a0(Juillet-Ao\u00fbt)<\/td>\n<\/tr>\n<tr>\n<td style=\"height: 24px; text-align: center;\"><strong>\u00a0 \u20ac 110<\/strong><\/td>\n<td style=\"height: 24px; text-align: center;\"><strong>\u00a0 \u20ac 130<\/strong><\/td>\n<td style=\"height: 24px; text-align: center;\"><strong>\u00a0 \u20ac 140<\/strong><\/td>\n<\/tr>\n<tr>\n<td style=\"text-align: right; height: 48.4375px;\" colspan=\"3\">Les tarifs indiqu\u00e9s sont pour une nuit, <a href=\"https:\/\/www.maison-piloni.com\/fr\/information\/petit-dejeuner\/\">petit d\u00e9jeuner<\/a> inclus.<br \/>\nSi vous occupez la chambre seul vous b\u00e9n\u00e9ficiez d\u2019une r\u00e9duction de 20\u20ac par nuit.<\/td>\n<\/tr>\n<tr>\n<td style=\"height: 24px; text-align: right;\" colspan=\"3\">\u00a0Nous vous proposons des r\u00e9ductions pour tout s\u00e9jour de plus de 6 nuits.<\/td>\n<\/tr>\n<\/tbody>\n<\/table>\n<p><strong><a class=\"button\" href=\"https:\/\/www.maison-piloni.com\/fr\/chambres\/reservation\/?source=Malala\"><i class=\"fa fa-bed\"><\/i> Demande de r\u00e9servation <\/a><\/strong><\/p>\n<div class=\"box\">\n<div id='gallery-1' class='gallery galleryid-1754 gallery-columns-3 gallery-size-medium'><figure class='gallery-item'>\n\t\t\t<div class='gallery-icon portrait'>\n\t\t\t\t<a href='https:\/\/www.maison-piloni.com\/wp-content\/uploads\/2016\/09\/DSCN3021.jpg'><img loading=\"lazy\" decoding=\"async\" width=\"225\" height=\"300\" src=\"https:\/\/www.maison-piloni.com\/wp-content\/uploads\/2016\/09\/DSCN3021-225x300.jpg\" class=\"attachment-medium size-medium\" alt=\"\" srcset=\"https:\/\/www.maison-piloni.com\/wp-content\/uploads\/2016\/09\/DSCN3021-225x300.jpg 225w, https:\/\/www.maison-piloni.com\/wp-content\/uploads\/2016\/09\/DSCN3021-250x333.jpg 250w, https:\/\/www.maison-piloni.com\/wp-content\/uploads\/2016\/09\/DSCN3021.jpg 576w\" sizes=\"auto, (max-width: 225px) 100vw, 225px\" \/><\/a>\n\t\t\t<\/div><\/figure><figure class='gallery-item'>\n\t\t\t<div class='gallery-icon landscape'>\n\t\t\t\t<a href='https:\/\/www.maison-piloni.com\/wp-content\/uploads\/2016\/09\/DSCN3014.jpg'><img loading=\"lazy\" decoding=\"async\" width=\"300\" height=\"213\" src=\"https:\/\/www.maison-piloni.com\/wp-content\/uploads\/2016\/09\/DSCN3014-300x213.jpg\" class=\"attachment-medium size-medium\" alt=\"\" srcset=\"https:\/\/www.maison-piloni.com\/wp-content\/uploads\/2016\/09\/DSCN3014-300x213.jpg 300w, https:\/\/www.maison-piloni.com\/wp-content\/uploads\/2016\/09\/DSCN3014-250x178.jpg 250w, https:\/\/www.maison-piloni.com\/wp-content\/uploads\/2016\/09\/DSCN3014-768x546.jpg 768w, https:\/\/www.maison-piloni.com\/wp-content\/uploads\/2016\/09\/DSCN3014.jpg 1024w\" sizes=\"auto, (max-width: 300px) 100vw, 300px\" \/><\/a>\n\t\t\t<\/div><\/figure><figure class='gallery-item'>\n\t\t\t<div class='gallery-icon portrait'>\n\t\t\t\t<a href='https:\/\/www.maison-piloni.com\/wp-content\/uploads\/2016\/09\/DSCN3025.jpg'><img loading=\"lazy\" decoding=\"async\" width=\"225\" height=\"300\" src=\"https:\/\/www.maison-piloni.com\/wp-content\/uploads\/2016\/09\/DSCN3025-225x300.jpg\" class=\"attachment-medium size-medium\" alt=\"\" srcset=\"https:\/\/www.maison-piloni.com\/wp-content\/uploads\/2016\/09\/DSCN3025-225x300.jpg 225w, https:\/\/www.maison-piloni.com\/wp-content\/uploads\/2016\/09\/DSCN3025-250x333.jpg 250w, https:\/\/www.maison-piloni.com\/wp-content\/uploads\/2016\/09\/DSCN3025.jpg 576w\" sizes=\"auto, (max-width: 225px) 100vw, 225px\" \/><\/a>\n\t\t\t<\/div><\/figure>\n\t\t<\/div>\n\n<\/div>\n","protected":false},"excerpt":{"rendered":"<p>La chambre \u00ab Malala \u00bb se situe au 1er \u00e9tage de la maison. Elle comprend un lit double et une salle de bain. La fen\u00eatre donne sur le jardin Equipements Adapt\u00e9e pour 2 personnes Salle de douche tout \u00e9quip\u00e9e Lit double \u00ab\u00a0queensize\u00a0\u00bb Serviettes S\u00e9choir Douche Savon chauff\u00e9 Ventilateur verrouillable Tarifs Basse saison \u00a0Haute saison \u00a0Pleine&#8230;<\/p>\n","protected":false},"author":1,"featured_media":0,"parent":1715,"menu_order":3,"comment_status":"closed","ping_status":"closed","template":"template-sidebar-bottom.php","meta":{"_acf_changed":false,"footnotes":""},"class_list":["post-1754","page","type-page","status-publish","hentry"],"acf":[],"_links":{"self":[{"href":"https:\/\/www.maison-piloni.com\/fr\/wp-json\/wp\/v2\/pages\/1754\/"}],"collection":[{"href":"https:\/\/www.maison-piloni.com\/fr\/wp-json\/wp\/v2\/pages\/"}],"about":[{"href":"https:\/\/www.maison-piloni.com\/fr\/wp-json\/wp\/v2\/types\/page\/"}],"author":[{"embeddable":true,"href":"https:\/\/www.maison-piloni.com\/fr\/wp-json\/wp\/v2\/users\/1\/"}],"replies":[{"embeddable":true,"href":"https:\/\/www.maison-piloni.com\/fr\/wp-json\/wp\/v2\/comments\/?post=1754"}],"version-history":[{"count":13,"href":"https:\/\/www.maison-piloni.com\/fr\/wp-json\/wp\/v2\/pages\/1754\/revisions\/"}],"predecessor-version":[{"id":2633,"href":"https:\/\/www.maison-piloni.com\/fr\/wp-json\/wp\/v2\/pages\/1754\/revisions\/2633\/"}],"up":[{"embeddable":true,"href":"https:\/\/www.maison-piloni.com\/fr\/wp-json\/wp\/v2\/pages\/1715\/"}],"wp:attachment":[{"href":"https:\/\/www.maison-piloni.com\/fr\/wp-json\/wp\/v2\/media\/?parent=1754"}],"curies":[{"name":"wp","href":"https:\/\/api.w.org\/{rel}","templated":true}]}}