{"id":1746,"date":"2017-05-30T13:38:23","date_gmt":"2017-05-30T11:38:23","guid":{"rendered":"https:\/\/www.maison-piloni.com\/?page_id=1746"},"modified":"2020-10-16T17:47:23","modified_gmt":"2020-10-16T15:47:23","slug":"petit-dejeuner","status":"publish","type":"page","link":"https:\/\/www.maison-piloni.com\/fr\/information\/petit-dejeuner\/","title":{"rendered":"Petit d\u00e9jeuner"},"content":{"rendered":"<blockquote>\n<p>Quel plaisir d&rsquo;avoir un bon app\u00e9tit,<br \/>\nsi l&rsquo;on est certain d&rsquo;obtenir un excellent repas.<br \/>\n<cite>Jean Anthelme Brillat-Savarin, \u00e9crivain fran\u00e7ais<\/cite><\/p>\n<\/blockquote>\n<p>Pour un petit d\u00e9jeuner copieux et gourmand, nous vous proposons un buffet pr\u00e9par\u00e9 avec soin \u00e0 partir de produits frais et de saison provenant la r\u00e9gion.<br \/>\nLes jours de beau temps, le petit-d\u00e9jeuner est servi sur la terrasse de notre jardin.<\/p>\n<h2>Nous vous proposons :<\/h2>\n<div class=\"row okList\">\n<div class=\"large-6 medium-6 columns\"><i class=\"fa fa-check-circle-o\"><\/i> Caf\u00e9, Expresso, Capuccino, Latte Macchiato<br \/>\n<i class=\"fa fa-check-circle-o\"><\/i> Th\u00e9 noir ou vert, des tisanes de fleurs<br \/>\n<i class=\"fa fa-check-circle-o\"><\/i> Des viennoiseries locales et du pain fait maison<br \/>\n<i class=\"fa fa-check-circle-o\"><\/i> Divers fromages de brebis, vache ou ch\u00e8vre \u00e0 p\u00e2tes dures et molles<br \/>\n<i class=\"fa fa-check-circle-o\"><\/i> Charcuteries de producteurs r\u00e9gionaux<\/div>\n<div class=\"large-6 medium-6 columns\"><i class=\"fa fa-check-circle-o\"><\/i> Yaourts, m\u00fcesli, c\u00e9r\u00e9ales<br \/>\n<i class=\"fa fa-check-circle-o\"><\/i> Fruits et l\u00e9gumes de saison<br \/>\n<i class=\"fa fa-check-circle-o\"><\/i> Confitures et marmelade maison<br \/>\n<i class=\"fa fa-check-circle-o\"><\/i> Quiches et tartes maisons<\/p>\n<\/div>\n<\/div>\n<p><sub>(L\u2019offre varie selon les saisons et peut-\u00eatre propos\u00e9 sous diff\u00e9rentes variantes)<\/sub><\/p>\n<p>&nbsp;<\/p>\n<p>&nbsp;<\/p>\n<div id='gallery-1' class='gallery galleryid-1746 gallery-columns-3 gallery-size-medium'><figure class='gallery-item'>\n\t\t\t<div class='gallery-icon landscape'>\n\t\t\t\t<a href='https:\/\/www.maison-piloni.com\/wp-content\/uploads\/2016\/09\/MaisonPiloni-fstuck-web4.jpg'><img loading=\"lazy\" decoding=\"async\" width=\"300\" height=\"200\" src=\"https:\/\/www.maison-piloni.com\/wp-content\/uploads\/2016\/09\/MaisonPiloni-fstuck-web4-300x200.jpg\" class=\"attachment-medium size-medium\" alt=\"\" srcset=\"https:\/\/www.maison-piloni.com\/wp-content\/uploads\/2016\/09\/MaisonPiloni-fstuck-web4-300x200.jpg 300w, https:\/\/www.maison-piloni.com\/wp-content\/uploads\/2016\/09\/MaisonPiloni-fstuck-web4-250x167.jpg 250w, https:\/\/www.maison-piloni.com\/wp-content\/uploads\/2016\/09\/MaisonPiloni-fstuck-web4-768x512.jpg 768w, https:\/\/www.maison-piloni.com\/wp-content\/uploads\/2016\/09\/MaisonPiloni-fstuck-web4-1024x683.jpg 1024w, https:\/\/www.maison-piloni.com\/wp-content\/uploads\/2016\/09\/MaisonPiloni-fstuck-web4.jpg 1280w\" sizes=\"auto, (max-width: 300px) 100vw, 300px\" \/><\/a>\n\t\t\t<\/div><\/figure><figure class='gallery-item'>\n\t\t\t<div class='gallery-icon landscape'>\n\t\t\t\t<a href='https:\/\/www.maison-piloni.com\/wp-content\/uploads\/2016\/09\/MaisonPiloni-fstuck-web3.jpg'><img loading=\"lazy\" decoding=\"async\" width=\"300\" height=\"225\" src=\"https:\/\/www.maison-piloni.com\/wp-content\/uploads\/2016\/09\/MaisonPiloni-fstuck-web3-300x225.jpg\" class=\"attachment-medium size-medium\" alt=\"\" srcset=\"https:\/\/www.maison-piloni.com\/wp-content\/uploads\/2016\/09\/MaisonPiloni-fstuck-web3-300x225.jpg 300w, https:\/\/www.maison-piloni.com\/wp-content\/uploads\/2016\/09\/MaisonPiloni-fstuck-web3-250x188.jpg 250w, https:\/\/www.maison-piloni.com\/wp-content\/uploads\/2016\/09\/MaisonPiloni-fstuck-web3-768x576.jpg 768w, https:\/\/www.maison-piloni.com\/wp-content\/uploads\/2016\/09\/MaisonPiloni-fstuck-web3-1024x768.jpg 1024w, https:\/\/www.maison-piloni.com\/wp-content\/uploads\/2016\/09\/MaisonPiloni-fstuck-web3.jpg 1280w\" sizes=\"auto, (max-width: 300px) 100vw, 300px\" \/><\/a>\n\t\t\t<\/div><\/figure><figure class='gallery-item'>\n\t\t\t<div class='gallery-icon landscape'>\n\t\t\t\t<a href='https:\/\/www.maison-piloni.com\/wp-content\/uploads\/2016\/09\/MaisonPiloni-fstuck-web1.jpg'><img loading=\"lazy\" decoding=\"async\" width=\"300\" height=\"200\" src=\"https:\/\/www.maison-piloni.com\/wp-content\/uploads\/2016\/09\/MaisonPiloni-fstuck-web1-300x200.jpg\" class=\"attachment-medium size-medium\" alt=\"\" srcset=\"https:\/\/www.maison-piloni.com\/wp-content\/uploads\/2016\/09\/MaisonPiloni-fstuck-web1-300x200.jpg 300w, https:\/\/www.maison-piloni.com\/wp-content\/uploads\/2016\/09\/MaisonPiloni-fstuck-web1-250x167.jpg 250w, https:\/\/www.maison-piloni.com\/wp-content\/uploads\/2016\/09\/MaisonPiloni-fstuck-web1-768x513.jpg 768w, https:\/\/www.maison-piloni.com\/wp-content\/uploads\/2016\/09\/MaisonPiloni-fstuck-web1-1024x684.jpg 1024w, https:\/\/www.maison-piloni.com\/wp-content\/uploads\/2016\/09\/MaisonPiloni-fstuck-web1.jpg 1280w\" sizes=\"auto, (max-width: 300px) 100vw, 300px\" \/><\/a>\n\t\t\t<\/div><\/figure>\n\t\t<\/div>\n\n","protected":false},"excerpt":{"rendered":"<p>Quel plaisir d&rsquo;avoir un bon app\u00e9tit, si l&rsquo;on est certain d&rsquo;obtenir un excellent repas. Jean Anthelme Brillat-Savarin, \u00e9crivain fran\u00e7ais Pour un petit d\u00e9jeuner copieux et gourmand, nous vous proposons un buffet pr\u00e9par\u00e9 avec soin \u00e0 partir de produits frais et de saison provenant la r\u00e9gion. Les jours de beau temps, le petit-d\u00e9jeuner est servi sur&#8230;<\/p>\n","protected":false},"author":1,"featured_media":958,"parent":1817,"menu_order":0,"comment_status":"closed","ping_status":"closed","template":"template-full-width.php","meta":{"_acf_changed":false,"footnotes":""},"class_list":["post-1746","page","type-page","status-publish","has-post-thumbnail","hentry"],"acf":[],"_links":{"self":[{"href":"https:\/\/www.maison-piloni.com\/fr\/wp-json\/wp\/v2\/pages\/1746\/"}],"collection":[{"href":"https:\/\/www.maison-piloni.com\/fr\/wp-json\/wp\/v2\/pages\/"}],"about":[{"href":"https:\/\/www.maison-piloni.com\/fr\/wp-json\/wp\/v2\/types\/page\/"}],"author":[{"embeddable":true,"href":"https:\/\/www.maison-piloni.com\/fr\/wp-json\/wp\/v2\/users\/1\/"}],"replies":[{"embeddable":true,"href":"https:\/\/www.maison-piloni.com\/fr\/wp-json\/wp\/v2\/comments\/?post=1746"}],"version-history":[{"count":4,"href":"https:\/\/www.maison-piloni.com\/fr\/wp-json\/wp\/v2\/pages\/1746\/revisions\/"}],"predecessor-version":[{"id":2640,"href":"https:\/\/www.maison-piloni.com\/fr\/wp-json\/wp\/v2\/pages\/1746\/revisions\/2640\/"}],"up":[{"embeddable":true,"href":"https:\/\/www.maison-piloni.com\/fr\/wp-json\/wp\/v2\/pages\/1817\/"}],"wp:featuredmedia":[{"embeddable":true,"href":"https:\/\/www.maison-piloni.com\/fr\/wp-json\/wp\/v2\/media\/958\/"}],"wp:attachment":[{"href":"https:\/\/www.maison-piloni.com\/fr\/wp-json\/wp\/v2\/media\/?parent=1746"}],"curies":[{"name":"wp","href":"https:\/\/api.w.org\/{rel}","templated":true}]}}