{"id":1732,"date":"2017-05-30T12:29:00","date_gmt":"2017-05-30T10:29:00","guid":{"rendered":"https:\/\/www.maison-piloni.com\/?page_id=1732"},"modified":"2023-08-08T12:02:42","modified_gmt":"2023-08-08T10:02:42","slug":"chambre-selma","status":"publish","type":"page","link":"https:\/\/www.maison-piloni.com\/fr\/chambres\/chambre-selma\/","title":{"rendered":"Chambre \u00ab Selma \u00bb"},"content":{"rendered":"<p>Chambre \u00ab Selma \u00bb est situ\u00e9 au premier \u00e9tage et est \u00e9quip\u00e9e d&rsquo;un lit double, une banquette convertible (1 place) et d&rsquo;une salle de bains privative.<\/p>\n<h3>Equipements<\/h3>\n<div class=\"row okList\">\n<div class=\"large-4 medium-4 columns\"><i class=\"fa fa-check-circle-o\"><\/i> Adapt\u00e9e pour 2 adultes &#038; 1 enfant <br \/>\n<i class=\"fa fa-check-circle-o\"><\/i> Salle de bain tout \u00e9quip\u00e9e<br \/>\n<i class=\"fa fa-check-circle-o\"><\/i> Lit double et fauteuil convertible<br \/>\n<i class=\"fa fa-check-circle-o\"><\/i> Serviettes<\/div>\n<div class=\"large-4 medium-4 columns\"><i class=\"fa fa-check-circle-o\"><\/i> S\u00e9choir<br \/>\n<i class=\"fa fa-check-circle-o\"><\/i> Baignoire<br \/>\n<i class=\"fa fa-check-circle-o\"><\/i> Savon<\/div>\n<div class=\"large-4 medium-4 columns\"><i class=\"fa fa-check-circle-o\"><\/i> chauff\u00e9<br \/>\n<i class=\"fa fa-check-circle-o\"><\/i> Ventilateur<br \/>\n<i class=\"fa fa-check-circle-o\"><\/i> verrouillable<\/div>\n<\/div>\n<hr \/>\n<h3>Tarifs<\/h3>\n<table style=\"width: 100%;\">\n<thead>\n<tr>\n<td style=\"height: 24px; text-align: center;\">Basse saison<\/td>\n<td style=\"height: 24px; text-align: center;\">\u00a0Haute saison<\/td>\n<td style=\"height: 24px; text-align: center;\">\u00a0Pleine saison<\/td>\n<\/tr>\n<\/thead>\n<tbody>\n<tr>\n<td style=\"height: 24px; text-align: center;\">\u00a0(Octobre)<\/td>\n<td style=\"height: 24px; text-align: center;\">\u00a0 (Avril-Juin \/ Septembre)<\/td>\n<td style=\"height: 24px; text-align: center;\">\u00a0 (Juillet-Ao\u00fbt)<\/td>\n<\/tr>\n<tr>\n<td style=\"height: 24px; text-align: center;\"><strong>\u00a0 \u20ac 110<\/strong><\/td>\n<td style=\"height: 24px; text-align: center;\"><strong>\u00a0 \u20ac 130<\/strong><\/td>\n<td style=\"height: 24px; text-align: center;\"><strong>\u00a0 \u20ac 130<\/strong><\/td>\n<\/tr>\n<tr>\n<td style=\"text-align: right; height: 48.4375px;\" colspan=\"3\">Les tarifs indiqu\u00e9s sont pour une nuit, <a href=\"https:\/\/www.maison-piloni.com\/fr\/information\/petit-dejeuner\/\">petit d\u00e9jeuner<\/a> inclus.<br \/>\nPersonne suppl\u00e9mentaire 20 \u20ac. Le prix de la chambre en occupation simple est r\u00e9duite de 20 \u20ac par nuit.<\/td>\n<\/tr>\n<tr>\n<td style=\"height: 24px; text-align: right;\" colspan=\"3\">\u00a0Nous vous proposons des r\u00e9ductions pour tout s\u00e9jour de plus de 6 nuits.<\/td>\n<\/tr>\n<\/tbody>\n<\/table>\n<p><strong><a class=\"button\" href=\"https:\/\/www.maison-piloni.com\/fr\/chambres\/reservation\/?source=Selma\"><i class=\"fa fa-bed\"><\/i> Demande de r\u00e9servation<\/a><\/strong><\/p>\n<div class=\"box\">\n<div id='gallery-1' class='gallery galleryid-1732 gallery-columns-3 gallery-size-medium'><figure class='gallery-item'>\n\t\t\t<div class='gallery-icon landscape'>\n\t\t\t\t<a href='https:\/\/www.maison-piloni.com\/wp-content\/uploads\/2016\/09\/DSC_0592.jpg'><img loading=\"lazy\" decoding=\"async\" width=\"300\" height=\"169\" src=\"https:\/\/www.maison-piloni.com\/wp-content\/uploads\/2016\/09\/DSC_0592-300x169.jpg\" class=\"attachment-medium size-medium\" alt=\"\" srcset=\"https:\/\/www.maison-piloni.com\/wp-content\/uploads\/2016\/09\/DSC_0592-300x169.jpg 300w, https:\/\/www.maison-piloni.com\/wp-content\/uploads\/2016\/09\/DSC_0592-250x141.jpg 250w, https:\/\/www.maison-piloni.com\/wp-content\/uploads\/2016\/09\/DSC_0592-768x432.jpg 768w, https:\/\/www.maison-piloni.com\/wp-content\/uploads\/2016\/09\/DSC_0592.jpg 1024w\" sizes=\"auto, (max-width: 300px) 100vw, 300px\" \/><\/a>\n\t\t\t<\/div><\/figure><figure class='gallery-item'>\n\t\t\t<div class='gallery-icon portrait'>\n\t\t\t\t<a href='https:\/\/www.maison-piloni.com\/wp-content\/uploads\/2016\/09\/DSC_0608.jpg'><img loading=\"lazy\" decoding=\"async\" width=\"169\" height=\"300\" src=\"https:\/\/www.maison-piloni.com\/wp-content\/uploads\/2016\/09\/DSC_0608-169x300.jpg\" class=\"attachment-medium size-medium\" alt=\"\" srcset=\"https:\/\/www.maison-piloni.com\/wp-content\/uploads\/2016\/09\/DSC_0608-169x300.jpg 169w, https:\/\/www.maison-piloni.com\/wp-content\/uploads\/2016\/09\/DSC_0608-250x444.jpg 250w, https:\/\/www.maison-piloni.com\/wp-content\/uploads\/2016\/09\/DSC_0608.jpg 432w\" sizes=\"auto, (max-width: 169px) 100vw, 169px\" \/><\/a>\n\t\t\t<\/div><\/figure><figure class='gallery-item'>\n\t\t\t<div class='gallery-icon landscape'>\n\t\t\t\t<a href='https:\/\/www.maison-piloni.com\/wp-content\/uploads\/2016\/09\/DSC_0602.jpg'><img loading=\"lazy\" decoding=\"async\" width=\"300\" height=\"169\" src=\"https:\/\/www.maison-piloni.com\/wp-content\/uploads\/2016\/09\/DSC_0602-300x169.jpg\" class=\"attachment-medium size-medium\" alt=\"\" srcset=\"https:\/\/www.maison-piloni.com\/wp-content\/uploads\/2016\/09\/DSC_0602-300x169.jpg 300w, https:\/\/www.maison-piloni.com\/wp-content\/uploads\/2016\/09\/DSC_0602-250x141.jpg 250w, https:\/\/www.maison-piloni.com\/wp-content\/uploads\/2016\/09\/DSC_0602-768x432.jpg 768w, https:\/\/www.maison-piloni.com\/wp-content\/uploads\/2016\/09\/DSC_0602.jpg 1024w\" sizes=\"auto, (max-width: 300px) 100vw, 300px\" \/><\/a>\n\t\t\t<\/div><\/figure>\n\t\t<\/div>\n\n<\/div>\n","protected":false},"excerpt":{"rendered":"<p>Chambre \u00ab Selma \u00bb est situ\u00e9 au premier \u00e9tage et est \u00e9quip\u00e9e d&rsquo;un lit double, une banquette convertible (1 place) et d&rsquo;une salle de bains privative. Equipements Adapt\u00e9e pour 2 adultes &#038; 1 enfant Salle de bain tout \u00e9quip\u00e9e Lit double et fauteuil convertible Serviettes S\u00e9choir Baignoire Savon chauff\u00e9 Ventilateur verrouillable Tarifs Basse saison \u00a0Haute&#8230;<\/p>\n","protected":false},"author":1,"featured_media":0,"parent":1715,"menu_order":1,"comment_status":"closed","ping_status":"closed","template":"template-sidebar-bottom.php","meta":{"_acf_changed":false,"footnotes":""},"class_list":["post-1732","page","type-page","status-publish","hentry"],"acf":[],"_links":{"self":[{"href":"https:\/\/www.maison-piloni.com\/fr\/wp-json\/wp\/v2\/pages\/1732\/"}],"collection":[{"href":"https:\/\/www.maison-piloni.com\/fr\/wp-json\/wp\/v2\/pages\/"}],"about":[{"href":"https:\/\/www.maison-piloni.com\/fr\/wp-json\/wp\/v2\/types\/page\/"}],"author":[{"embeddable":true,"href":"https:\/\/www.maison-piloni.com\/fr\/wp-json\/wp\/v2\/users\/1\/"}],"replies":[{"embeddable":true,"href":"https:\/\/www.maison-piloni.com\/fr\/wp-json\/wp\/v2\/comments\/?post=1732"}],"version-history":[{"count":22,"href":"https:\/\/www.maison-piloni.com\/fr\/wp-json\/wp\/v2\/pages\/1732\/revisions\/"}],"predecessor-version":[{"id":3908,"href":"https:\/\/www.maison-piloni.com\/fr\/wp-json\/wp\/v2\/pages\/1732\/revisions\/3908\/"}],"up":[{"embeddable":true,"href":"https:\/\/www.maison-piloni.com\/fr\/wp-json\/wp\/v2\/pages\/1715\/"}],"wp:attachment":[{"href":"https:\/\/www.maison-piloni.com\/fr\/wp-json\/wp\/v2\/media\/?parent=1732"}],"curies":[{"name":"wp","href":"https:\/\/api.w.org\/{rel}","templated":true}]}}