{"id":1715,"date":"2017-05-30T11:53:02","date_gmt":"2017-05-30T09:53:02","guid":{"rendered":"https:\/\/www.maison-piloni.com\/?page_id=1715"},"modified":"2023-09-03T14:34:06","modified_gmt":"2023-09-03T12:34:06","slug":"chambres","status":"publish","type":"page","link":"https:\/\/www.maison-piloni.com\/fr\/chambres\/","title":{"rendered":"Chambres"},"content":{"rendered":"<blockquote>\n<p>H\u00f4tes id\u00e9aux sont parfois d\u00e9pensi\u00e8re, souvent des artistes vivants et toujours philanthropes. Ils sont les \u00eeles chauff\u00e9e par le soleil dans l&rsquo;oc\u00e9an orageux froid de la lutte pour l&rsquo;existence.<br \/>\n<cite>Max Frisch, \u00e9crivain suisse<\/cite><\/p>\n<\/blockquote>\n<p>La maison comprend 5 chambres d\u00e9cor\u00e9es avec soin, chacune d\u2019entre elle porte le nom d\u2019une femme laur\u00e9ate d\u2019un prix Nobel. Situ\u00e9es au 1er \u00e9tage de la maison, elles sont toute \u00e9quip\u00e9es d\u2019une salle de bain privative. Le copieux <a href=\"https:\/\/www.maison-piloni.com\/fr\/information\/petit-dejeuner\/\">petit-d\u00e9jeuner<\/a> est inclus dans le prix de la chambre.<\/p>\n<p><a class=\"button\" href=\"https:\/\/www.maison-piloni.com\/fr\/chambres\/reservation\/?source=zimmer\"><i class=\"fa fa-bed\"><\/i> demande de r\u00e9servation<\/a><\/p>\n","protected":false},"excerpt":{"rendered":"<p>H\u00f4tes id\u00e9aux sont parfois d\u00e9pensi\u00e8re, souvent des artistes vivants et toujours philanthropes. Ils sont les \u00eeles chauff\u00e9e par le soleil dans l&rsquo;oc\u00e9an orageux froid de la lutte pour l&rsquo;existence. Max Frisch, \u00e9crivain suisse La maison comprend 5 chambres d\u00e9cor\u00e9es avec soin, chacune d\u2019entre elle porte le nom d\u2019une femme laur\u00e9ate d\u2019un prix Nobel. Situ\u00e9es au&#8230;<\/p>\n","protected":false},"author":1,"featured_media":0,"parent":0,"menu_order":1,"comment_status":"closed","ping_status":"closed","template":"template-sidebar-bottom.php","meta":{"_acf_changed":false,"footnotes":""},"class_list":["post-1715","page","type-page","status-publish","hentry"],"acf":[],"_links":{"self":[{"href":"https:\/\/www.maison-piloni.com\/fr\/wp-json\/wp\/v2\/pages\/1715\/"}],"collection":[{"href":"https:\/\/www.maison-piloni.com\/fr\/wp-json\/wp\/v2\/pages\/"}],"about":[{"href":"https:\/\/www.maison-piloni.com\/fr\/wp-json\/wp\/v2\/types\/page\/"}],"author":[{"embeddable":true,"href":"https:\/\/www.maison-piloni.com\/fr\/wp-json\/wp\/v2\/users\/1\/"}],"replies":[{"embeddable":true,"href":"https:\/\/www.maison-piloni.com\/fr\/wp-json\/wp\/v2\/comments\/?post=1715"}],"version-history":[{"count":15,"href":"https:\/\/www.maison-piloni.com\/fr\/wp-json\/wp\/v2\/pages\/1715\/revisions\/"}],"predecessor-version":[{"id":3927,"href":"https:\/\/www.maison-piloni.com\/fr\/wp-json\/wp\/v2\/pages\/1715\/revisions\/3927\/"}],"wp:attachment":[{"href":"https:\/\/www.maison-piloni.com\/fr\/wp-json\/wp\/v2\/media\/?parent=1715"}],"curies":[{"name":"wp","href":"https:\/\/api.w.org\/{rel}","templated":true}]}}