{"id":1400,"date":"2017-03-26T15:30:00","date_gmt":"2017-03-26T13:30:14","guid":{"rendered":"http:\/\/dev.maison-piloni.com\/?page_id=1400"},"modified":"2020-10-16T12:27:27","modified_gmt":"2020-10-16T10:27:27","slug":"surrounding-area","status":"publish","type":"page","link":"https:\/\/www.maison-piloni.com\/en\/lisle-sur-la-sorgue-und-umgebung\/surrounding-area\/","title":{"rendered":"Surrounding Area"},"content":{"rendered":"<blockquote><p>La Provence dissimule ses myst\u00e8res derri\u00e8re leur \u00e9vidence.<br \/>\n<cite>Jean Giono<\/cite><\/p><\/blockquote>\n","protected":false},"excerpt":{"rendered":"<p>La Provence dissimule ses myst\u00e8res derri\u00e8re leur \u00e9vidence. Jean Giono<\/p>\n","protected":false},"author":1,"featured_media":0,"parent":1319,"menu_order":1,"comment_status":"closed","ping_status":"closed","template":"template-map.php","meta":{"_acf_changed":false,"footnotes":""},"class_list":["post-1400","page","type-page","status-publish","hentry"],"acf":[],"_links":{"self":[{"href":"https:\/\/www.maison-piloni.com\/en\/wp-json\/wp\/v2\/pages\/1400\/"}],"collection":[{"href":"https:\/\/www.maison-piloni.com\/en\/wp-json\/wp\/v2\/pages\/"}],"about":[{"href":"https:\/\/www.maison-piloni.com\/en\/wp-json\/wp\/v2\/types\/page\/"}],"author":[{"embeddable":true,"href":"https:\/\/www.maison-piloni.com\/en\/wp-json\/wp\/v2\/users\/1\/"}],"replies":[{"embeddable":true,"href":"https:\/\/www.maison-piloni.com\/en\/wp-json\/wp\/v2\/comments\/?post=1400"}],"version-history":[{"count":17,"href":"https:\/\/www.maison-piloni.com\/en\/wp-json\/wp\/v2\/pages\/1400\/revisions\/"}],"predecessor-version":[{"id":2581,"href":"https:\/\/www.maison-piloni.com\/en\/wp-json\/wp\/v2\/pages\/1400\/revisions\/2581\/"}],"up":[{"embeddable":true,"href":"https:\/\/www.maison-piloni.com\/en\/wp-json\/wp\/v2\/pages\/1319\/"}],"wp:attachment":[{"href":"https:\/\/www.maison-piloni.com\/en\/wp-json\/wp\/v2\/media\/?parent=1400"}],"curies":[{"name":"wp","href":"https:\/\/api.w.org\/{rel}","templated":true}]}}